{"id":196,"date":"2023-11-09T13:18:47","date_gmt":"2023-11-09T12:18:47","guid":{"rendered":"https:\/\/roscosmic.com\/?page_id=196"},"modified":"2025-11-01T20:10:13","modified_gmt":"2025-11-01T19:10:13","slug":"constellation2","status":"publish","type":"page","link":"https:\/\/roscosmic.com\/index.php\/constellation2\/","title":{"rendered":"contellation2"},"content":{"rendered":"\t\t<div data-elementor-type=\"wp-page\" data-elementor-id=\"196\" class=\"elementor elementor-196\" data-elementor-post-type=\"page\">\n\t\t\t\t<div class=\"elementor-element elementor-element-44f86b7 e-grid e-con-boxed e-con e-parent\" data-id=\"44f86b7\" data-element_type=\"container\">\n\t\t\t\t\t<div class=\"e-con-inner\">\n\t\t\t\t<div class=\"elementor-element elementor-element-5a048e5 elementor-widget elementor-widget-spacer\" data-id=\"5a048e5\" data-element_type=\"widget\" data-widget_type=\"spacer.default\">\n\t\t\t\t\t\t\t<div class=\"elementor-spacer\">\n\t\t\t<div class=\"elementor-spacer-inner\"><\/div>\n\t\t<\/div>\n\t\t\t\t\t\t<\/div>\n\t\t\t\t\t<\/div>\n\t\t\t\t<\/div>\n\t\t<div class=\"elementor-element elementor-element-fbb5a3b e-flex e-con-boxed e-con e-parent\" data-id=\"fbb5a3b\" data-element_type=\"container\">\n\t\t\t\t\t<div class=\"e-con-inner\">\n\t\t<div class=\"elementor-element elementor-element-80ccc76 e-con-full e-flex e-con e-child\" data-id=\"80ccc76\" data-element_type=\"container\">\n\t\t\t\t<div class=\"elementor-element elementor-element-9c42cf5 elementor-widget elementor-widget-text-editor\" data-id=\"9c42cf5\" data-element_type=\"widget\" data-widget_type=\"text-editor.default\">\n\t\t\t\t\t\t\t\t\t<p style=\"text-align: right;\"><span style=\"font-size: 24pt;\">CONSTELLATION D&rsquo;IMAGINAIRES SPATIAUX<\/span><\/p><p style=\"text-align: right;\">repenser nos liens \u00e0 l&rsquo;espace et \u00e0 la Terre \u00e0 travers l&rsquo;\u00e9tude des r\u00e9cits alternatifs du cosmos<\/p><p style=\"text-align: right;\"><span style=\"font-family: avara black, Helvetica, sans-serif;\">[en cours]<\/span><\/p><p style=\"text-align: right;\"><span style=\"color: #ffffff;\"><a style=\"color: #ffffff; text-decoration: underline;\" href=\"https:\/\/roscosmic.com\/index.php\/image\/\">images et ressources<\/a><\/span><\/p><p>\u00a0<\/p>\t\t\t\t\t\t\t\t<\/div>\n\t\t\t\t<\/div>\n\t\t<div class=\"elementor-element elementor-element-ae3f5ce e-con-full e-flex e-con e-child\" data-id=\"ae3f5ce\" data-element_type=\"container\">\n\t\t\t\t<div class=\"elementor-element elementor-element-783c831 elementor-widget elementor-widget-image\" data-id=\"783c831\" data-element_type=\"widget\" data-widget_type=\"image.default\">\n\t\t\t\t\t\t\t\t\t\t\t\t\t\t\t<img fetchpriority=\"high\" decoding=\"async\" width=\"744\" height=\"991\" src=\"https:\/\/roscosmic.com\/wp-content\/uploads\/2025\/08\/Capture-decran-2023-10-20-a-18.25.11-edited-1.png\" class=\"attachment-large size-large wp-image-797\" alt=\"\" srcset=\"https:\/\/roscosmic.com\/wp-content\/uploads\/2025\/08\/Capture-decran-2023-10-20-a-18.25.11-edited-1.png 744w, https:\/\/roscosmic.com\/wp-content\/uploads\/2025\/08\/Capture-decran-2023-10-20-a-18.25.11-edited-1-225x300.png 225w\" sizes=\"(max-width: 744px) 100vw, 744px\" \/>\t\t\t\t\t\t\t\t\t\t\t\t\t\t\t<\/div>\n\t\t\t\t<\/div>\n\t\t\t\t\t<\/div>\n\t\t\t\t<\/div>\n\t\t\t\t<\/div>\n\t\t\n    <div class=\"xs_social_share_widget xs_share_url after_content \t\tmain_content  wslu-style-1 wslu-share-box-shaped wslu-fill-colored wslu-none wslu-share-horizontal wslu-theme-font-no wslu-main_content\">\n\n\t\t\n        <ul>\n\t\t\t        <\/ul>\n    <\/div> \n","protected":false},"excerpt":{"rendered":"<p>CONSTELLATION D&rsquo;IMAGINAIRES SPATIAUX repenser nos liens \u00e0 l&rsquo;espace et \u00e0 la Terre \u00e0 travers l&rsquo;\u00e9tude des r\u00e9cits alternatifs du cosmos [en cours] images et ressources \u00a0<\/p>\n","protected":false},"author":1,"featured_media":0,"parent":0,"menu_order":0,"comment_status":"closed","ping_status":"closed","template":"elementor_header_footer","meta":{"postBodyCss":"","postBodyMargin":[],"postBodyPadding":[],"postBodyBackground":{"backgroundType":"classic","gradient":""},"ngg_post_thumbnail":0,"footnotes":""},"class_list":["post-196","page","type-page","status-publish","hentry"],"_links":{"self":[{"href":"https:\/\/roscosmic.com\/index.php\/wp-json\/wp\/v2\/pages\/196","targetHints":{"allow":["GET"]}}],"collection":[{"href":"https:\/\/roscosmic.com\/index.php\/wp-json\/wp\/v2\/pages"}],"about":[{"href":"https:\/\/roscosmic.com\/index.php\/wp-json\/wp\/v2\/types\/page"}],"author":[{"embeddable":true,"href":"https:\/\/roscosmic.com\/index.php\/wp-json\/wp\/v2\/users\/1"}],"replies":[{"embeddable":true,"href":"https:\/\/roscosmic.com\/index.php\/wp-json\/wp\/v2\/comments?post=196"}],"version-history":[{"count":17,"href":"https:\/\/roscosmic.com\/index.php\/wp-json\/wp\/v2\/pages\/196\/revisions"}],"predecessor-version":[{"id":2300,"href":"https:\/\/roscosmic.com\/index.php\/wp-json\/wp\/v2\/pages\/196\/revisions\/2300"}],"wp:attachment":[{"href":"https:\/\/roscosmic.com\/index.php\/wp-json\/wp\/v2\/media?parent=196"}],"curies":[{"name":"wp","href":"https:\/\/api.w.org\/{rel}","templated":true}]}}