{"id":194,"date":"2023-11-09T13:18:41","date_gmt":"2023-11-09T12:18:41","guid":{"rendered":"https:\/\/roscosmic.com\/?page_id=194"},"modified":"2025-08-27T13:24:51","modified_gmt":"2025-08-27T11:24:51","slug":"constellation-1","status":"publish","type":"page","link":"https:\/\/roscosmic.com\/index.php\/constellation-1\/","title":{"rendered":"Constellation 1"},"content":{"rendered":"\t\t<div data-elementor-type=\"wp-page\" data-elementor-id=\"194\" class=\"elementor elementor-194\" data-elementor-post-type=\"page\">\n\t\t\t\t<div class=\"elementor-element elementor-element-702542a e-grid e-con-boxed e-con e-parent\" data-id=\"702542a\" data-element_type=\"container\">\n\t\t\t\t\t<div class=\"e-con-inner\">\n\t\t\t\t<div class=\"elementor-element elementor-element-39a3d9e elementor-widget elementor-widget-spacer\" data-id=\"39a3d9e\" data-element_type=\"widget\" data-widget_type=\"spacer.default\">\n\t\t\t\t\t\t\t<div class=\"elementor-spacer\">\n\t\t\t<div class=\"elementor-spacer-inner\"><\/div>\n\t\t<\/div>\n\t\t\t\t\t\t<\/div>\n\t\t\t\t\t<\/div>\n\t\t\t\t<\/div>\n\t\t<div class=\"elementor-element elementor-element-aaef308 e-flex e-con-boxed e-con e-parent\" data-id=\"aaef308\" data-element_type=\"container\">\n\t\t\t\t\t<div class=\"e-con-inner\">\n\t\t<div class=\"elementor-element elementor-element-0f88f5e e-con-full e-flex e-con e-child\" data-id=\"0f88f5e\" data-element_type=\"container\">\n\t\t\t\t<div class=\"elementor-element elementor-element-59cf66e elementor-widget elementor-widget-text-editor\" data-id=\"59cf66e\" data-element_type=\"widget\" data-widget_type=\"text-editor.default\">\n\t\t\t\t\t\t\t\t\t<p>\u00a0<\/p><p style=\"text-align: right;\"><span style=\"font-size: 24pt;\">CONSTELLATION D&rsquo;IMAGINAIRES SPATIAUX<\/span><\/p><p style=\"text-align: right;\">domination, fiction et mondes possibles<\/p><p style=\"text-align: right;\"><span style=\"font-family: avara black, Helvetica, sans-serif;\">[2019]<\/span><\/p><p style=\"text-align: right;\"><span style=\"font-family: karrik, Helvetica, sans-serif;\">Cette recherche th\u00e9orique en narratologie\u00a0 s&rsquo;int\u00e9resse au processus de construction d&rsquo;une imagerie spatiale \u00e0 travers les repr\u00e9sentations du cosmos diffus\u00e9es et produites par les agences spatiales et par les artistes. \u00c0 travers la question de recherche \u00ab les agences spatiales construisent-elles l&rsquo;espace \u00e0 travers les images qu&rsquo;elles diffusent ? \u00bb, il s&rsquo;agit d&rsquo;analyser l&rsquo;acte de cr\u00e9ation de cette imagerie, ses espaces et ses temporalit\u00e9s. Quelle est la place de ces images dans la construction de l&rsquo;espace extra-atmosph\u00e9rique, comment les agences les utilisent-elles et \u00e0 quelles fins ? Comment ces repr\u00e9sentations sont-elles ensuite re\u00e7ues par le grand public et utilis\u00e9es, d\u00e9tourn\u00e9es par les artistes ? Autant de questions qui, je l&rsquo;esp\u00e8re, permettront de donner une vision, partielle et th\u00e9matique, de ce qu&rsquo;est l&rsquo;espace aujourd&rsquo;hui.<\/span><\/p><p style=\"text-align: right;\"><span style=\"font-family: avara black, Helvetica, sans-serif; font-size: 10pt;\">photographie du Soleil prise \u00e0 l&rsquo;observatoire de l&rsquo;Unamur<\/span><\/p>\t\t\t\t\t\t\t\t<\/div>\n\t\t\t\t<\/div>\n\t\t<div class=\"elementor-element elementor-element-9d53b31 e-con-full e-flex e-con e-child\" data-id=\"9d53b31\" data-element_type=\"container\">\n\t\t\t\t<div class=\"elementor-element elementor-element-9078aca elementor-widget elementor-widget-image\" data-id=\"9078aca\" data-element_type=\"widget\" data-widget_type=\"image.default\">\n\t\t\t\t\t\t\t\t\t\t\t\t\t\t\t<img fetchpriority=\"high\" decoding=\"async\" width=\"1024\" height=\"1001\" src=\"https:\/\/roscosmic.com\/wp-content\/uploads\/2023\/11\/soleil-2-1024x1001.jpg\" class=\"attachment-large size-large wp-image-486\" alt=\"\" srcset=\"https:\/\/roscosmic.com\/wp-content\/uploads\/2023\/11\/soleil-2-1024x1001.jpg 1024w, https:\/\/roscosmic.com\/wp-content\/uploads\/2023\/11\/soleil-2-300x293.jpg 300w, https:\/\/roscosmic.com\/wp-content\/uploads\/2023\/11\/soleil-2-768x751.jpg 768w, https:\/\/roscosmic.com\/wp-content\/uploads\/2023\/11\/soleil-2.jpg 1415w\" sizes=\"(max-width: 1024px) 100vw, 1024px\" \/>\t\t\t\t\t\t\t\t\t\t\t\t\t\t\t<\/div>\n\t\t\t\t<\/div>\n\t\t\t\t\t<\/div>\n\t\t\t\t<\/div>\n\t\t\t\t<\/div>\n\t\t\n    <div class=\"xs_social_share_widget xs_share_url after_content \t\tmain_content  wslu-style-1 wslu-share-box-shaped wslu-fill-colored wslu-none wslu-share-horizontal wslu-theme-font-no wslu-main_content\">\n\n\t\t\n        <ul>\n\t\t\t        <\/ul>\n    <\/div> \n","protected":false},"excerpt":{"rendered":"<p>\u00a0 CONSTELLATION D&rsquo;IMAGINAIRES SPATIAUX domination, fiction et mondes possibles [2019] Cette recherche th\u00e9orique en narratologie\u00a0 s&rsquo;int\u00e9resse au processus de construction d&rsquo;une imagerie spatiale \u00e0 travers les repr\u00e9sentations du cosmos diffus\u00e9es et produites par les agences spatiales et par les artistes. \u00c0 travers la question de recherche \u00ab les agences spatiales construisent-elles l&rsquo;espace \u00e0 travers les [&hellip;]<\/p>\n","protected":false},"author":1,"featured_media":0,"parent":0,"menu_order":0,"comment_status":"closed","ping_status":"closed","template":"elementor_header_footer","meta":{"postBodyCss":"","postBodyMargin":[],"postBodyPadding":[],"postBodyBackground":{"backgroundType":"classic","gradient":""},"ngg_post_thumbnail":0,"footnotes":""},"class_list":["post-194","page","type-page","status-publish","hentry"],"_links":{"self":[{"href":"https:\/\/roscosmic.com\/index.php\/wp-json\/wp\/v2\/pages\/194","targetHints":{"allow":["GET"]}}],"collection":[{"href":"https:\/\/roscosmic.com\/index.php\/wp-json\/wp\/v2\/pages"}],"about":[{"href":"https:\/\/roscosmic.com\/index.php\/wp-json\/wp\/v2\/types\/page"}],"author":[{"embeddable":true,"href":"https:\/\/roscosmic.com\/index.php\/wp-json\/wp\/v2\/users\/1"}],"replies":[{"embeddable":true,"href":"https:\/\/roscosmic.com\/index.php\/wp-json\/wp\/v2\/comments?post=194"}],"version-history":[{"count":14,"href":"https:\/\/roscosmic.com\/index.php\/wp-json\/wp\/v2\/pages\/194\/revisions"}],"predecessor-version":[{"id":1708,"href":"https:\/\/roscosmic.com\/index.php\/wp-json\/wp\/v2\/pages\/194\/revisions\/1708"}],"wp:attachment":[{"href":"https:\/\/roscosmic.com\/index.php\/wp-json\/wp\/v2\/media?parent=194"}],"curies":[{"name":"wp","href":"https:\/\/api.w.org\/{rel}","templated":true}]}}