{"id":190,"date":"2023-11-09T13:18:19","date_gmt":"2023-11-09T12:18:19","guid":{"rendered":"https:\/\/roscosmic.com\/?page_id=190"},"modified":"2025-08-28T09:34:01","modified_gmt":"2025-08-28T07:34:01","slug":"attente","status":"publish","type":"page","link":"https:\/\/roscosmic.com\/index.php\/attente\/","title":{"rendered":"L&rsquo;attente"},"content":{"rendered":"\t\t<div data-elementor-type=\"wp-page\" data-elementor-id=\"190\" class=\"elementor elementor-190\" data-elementor-post-type=\"page\">\n\t\t\t\t<div class=\"elementor-element elementor-element-8f6b23c e-flex e-con-boxed e-con e-parent\" data-id=\"8f6b23c\" data-element_type=\"container\">\n\t\t\t\t\t<div class=\"e-con-inner\">\n\t\t\t\t<div class=\"elementor-element elementor-element-13605a9 elementor-widget elementor-widget-spacer\" data-id=\"13605a9\" data-element_type=\"widget\" data-widget_type=\"spacer.default\">\n\t\t\t\t\t\t\t<div class=\"elementor-spacer\">\n\t\t\t<div class=\"elementor-spacer-inner\"><\/div>\n\t\t<\/div>\n\t\t\t\t\t\t<\/div>\n\t\t\t\t\t<\/div>\n\t\t\t\t<\/div>\n\t\t<div class=\"elementor-element elementor-element-e97ea29 e-flex e-con-boxed e-con e-parent\" data-id=\"e97ea29\" data-element_type=\"container\">\n\t\t\t\t\t<div class=\"e-con-inner\">\n\t\t<div class=\"elementor-element elementor-element-5ab9bcf e-con-full e-flex e-con e-child\" data-id=\"5ab9bcf\" data-element_type=\"container\">\n\t\t\t\t<div class=\"elementor-element elementor-element-fa32bb6 elementor-widget elementor-widget-text-editor\" data-id=\"fa32bb6\" data-element_type=\"widget\" data-settings=\"{&quot;sticky&quot;:&quot;top&quot;,&quot;sticky_on&quot;:[&quot;desktop&quot;],&quot;sticky_offset&quot;:0,&quot;sticky_effects_offset&quot;:0,&quot;sticky_anchor_link_offset&quot;:0}\" data-widget_type=\"text-editor.default\">\n\t\t\t\t\t\t\t\t\t<p style=\"text-align: right;\">\u00a0<\/p><p style=\"text-align: right;\"><span style=\"font-size: 24pt;\">L&rsquo;ATTENTE<\/span><\/p><p style=\"text-align: right;\">Enqu\u00eate et tentative d&rsquo;observation d&rsquo;ovnis<\/p><p style=\"text-align: right;\"><span style=\"font-family: avara black, Helvetica, sans-serif;\">[2019]<\/span><\/p><p style=\"text-align: right;\"><span style=\"font-family: karrik, Helvetica, sans-serif;\">installation et performance<\/span><br \/><span style=\"font-family: karrik, Helvetica, sans-serif;\">tente, t\u00e9moignage sonore, vid\u00e9o, mat\u00e9riaux divers<\/span><br \/><span style=\"font-family: karrik, Helvetica, sans-serif;\">dimensions variables<\/span><\/p>\t\t\t\t\t\t\t\t<\/div>\n\t\t\t\t<\/div>\n\t\t<div class=\"elementor-element elementor-element-d9e3b36 e-con-full e-flex e-con e-child\" data-id=\"d9e3b36\" data-element_type=\"container\">\n\t\t\t\t<div class=\"elementor-element elementor-element-f3d440b elementor-widget elementor-widget-image\" data-id=\"f3d440b\" data-element_type=\"widget\" data-widget_type=\"image.default\">\n\t\t\t\t\t\t\t\t\t\t\t\t\t\t\t<img fetchpriority=\"high\" decoding=\"async\" width=\"800\" height=\"528\" src=\"https:\/\/roscosmic.com\/wp-content\/uploads\/2023\/11\/lattente2-copie.jpg\" class=\"attachment-large size-large wp-image-270\" alt=\"\" srcset=\"https:\/\/roscosmic.com\/wp-content\/uploads\/2023\/11\/lattente2-copie.jpg 800w, https:\/\/roscosmic.com\/wp-content\/uploads\/2023\/11\/lattente2-copie-300x198.jpg 300w, https:\/\/roscosmic.com\/wp-content\/uploads\/2023\/11\/lattente2-copie-768x507.jpg 768w\" sizes=\"(max-width: 800px) 100vw, 800px\" \/>\t\t\t\t\t\t\t\t\t\t\t\t\t\t\t<\/div>\n\t\t\t\t<div class=\"elementor-element elementor-element-8401ef7 e-transform elementor-widget elementor-widget-image\" data-id=\"8401ef7\" data-element_type=\"widget\" data-settings=\"{&quot;_transform_translateY_effect&quot;:{&quot;unit&quot;:&quot;px&quot;,&quot;size&quot;:-24,&quot;sizes&quot;:[]},&quot;_transform_translateX_effect&quot;:{&quot;unit&quot;:&quot;px&quot;,&quot;size&quot;:&quot;&quot;,&quot;sizes&quot;:[]},&quot;_transform_translateX_effect_tablet&quot;:{&quot;unit&quot;:&quot;px&quot;,&quot;size&quot;:&quot;&quot;,&quot;sizes&quot;:[]},&quot;_transform_translateX_effect_mobile&quot;:{&quot;unit&quot;:&quot;px&quot;,&quot;size&quot;:&quot;&quot;,&quot;sizes&quot;:[]},&quot;_transform_translateY_effect_tablet&quot;:{&quot;unit&quot;:&quot;px&quot;,&quot;size&quot;:&quot;&quot;,&quot;sizes&quot;:[]},&quot;_transform_translateY_effect_mobile&quot;:{&quot;unit&quot;:&quot;px&quot;,&quot;size&quot;:&quot;&quot;,&quot;sizes&quot;:[]}}\" data-widget_type=\"image.default\">\n\t\t\t\t\t\t\t\t\t\t\t\t\t\t\t<img decoding=\"async\" width=\"684\" height=\"1024\" src=\"https:\/\/roscosmic.com\/wp-content\/uploads\/2023\/11\/Kinahmi-2-scaled-e1756207443340-684x1024.jpg\" class=\"attachment-large size-large wp-image-272\" alt=\"\" srcset=\"https:\/\/roscosmic.com\/wp-content\/uploads\/2023\/11\/Kinahmi-2-scaled-e1756207443340-684x1024.jpg 684w, https:\/\/roscosmic.com\/wp-content\/uploads\/2023\/11\/Kinahmi-2-scaled-e1756207443340-200x300.jpg 200w, https:\/\/roscosmic.com\/wp-content\/uploads\/2023\/11\/Kinahmi-2-scaled-e1756207443340-768x1149.jpg 768w, https:\/\/roscosmic.com\/wp-content\/uploads\/2023\/11\/Kinahmi-2-scaled-e1756207443340-1026x1536.jpg 1026w, https:\/\/roscosmic.com\/wp-content\/uploads\/2023\/11\/Kinahmi-2-scaled-e1756207443340-1368x2048.jpg 1368w, https:\/\/roscosmic.com\/wp-content\/uploads\/2023\/11\/Kinahmi-2-scaled-e1756207443340.jpg 1442w\" sizes=\"(max-width: 684px) 100vw, 684px\" \/>\t\t\t\t\t\t\t\t\t\t\t\t\t\t\t<\/div>\n\t\t\t\t<div class=\"elementor-element elementor-element-028b499 e-transform elementor-widget elementor-widget-image\" data-id=\"028b499\" data-element_type=\"widget\" data-settings=\"{&quot;_transform_translateY_effect&quot;:{&quot;unit&quot;:&quot;px&quot;,&quot;size&quot;:-24,&quot;sizes&quot;:[]},&quot;_transform_translateX_effect&quot;:{&quot;unit&quot;:&quot;px&quot;,&quot;size&quot;:&quot;&quot;,&quot;sizes&quot;:[]},&quot;_transform_translateX_effect_tablet&quot;:{&quot;unit&quot;:&quot;px&quot;,&quot;size&quot;:&quot;&quot;,&quot;sizes&quot;:[]},&quot;_transform_translateX_effect_mobile&quot;:{&quot;unit&quot;:&quot;px&quot;,&quot;size&quot;:&quot;&quot;,&quot;sizes&quot;:[]},&quot;_transform_translateY_effect_tablet&quot;:{&quot;unit&quot;:&quot;px&quot;,&quot;size&quot;:&quot;&quot;,&quot;sizes&quot;:[]},&quot;_transform_translateY_effect_mobile&quot;:{&quot;unit&quot;:&quot;px&quot;,&quot;size&quot;:&quot;&quot;,&quot;sizes&quot;:[]}}\" data-widget_type=\"image.default\">\n\t\t\t\t\t\t\t\t\t\t\t\t\t\t\t<img decoding=\"async\" width=\"600\" height=\"800\" src=\"https:\/\/roscosmic.com\/wp-content\/uploads\/2023\/11\/lismonde-bw.png\" class=\"attachment-large size-large wp-image-271\" alt=\"\" srcset=\"https:\/\/roscosmic.com\/wp-content\/uploads\/2023\/11\/lismonde-bw.png 600w, https:\/\/roscosmic.com\/wp-content\/uploads\/2023\/11\/lismonde-bw-225x300.png 225w\" sizes=\"(max-width: 600px) 100vw, 600px\" \/>\t\t\t\t\t\t\t\t\t\t\t\t\t\t\t<\/div>\n\t\t\t\t<\/div>\n\t\t\t\t\t<\/div>\n\t\t\t\t<\/div>\n\t\t\t\t<\/div>\n\t\t\n    <div class=\"xs_social_share_widget xs_share_url after_content \t\tmain_content  wslu-style-1 wslu-share-box-shaped wslu-fill-colored wslu-none wslu-share-horizontal wslu-theme-font-no wslu-main_content\">\n\n\t\t\n        <ul>\n\t\t\t        <\/ul>\n    <\/div> \n","protected":false},"excerpt":{"rendered":"<p>\u00a0 L&rsquo;ATTENTE Enqu\u00eate et tentative d&rsquo;observation d&rsquo;ovnis [2019] installation et performancetente, t\u00e9moignage sonore, vid\u00e9o, mat\u00e9riaux diversdimensions variables<\/p>\n","protected":false},"author":1,"featured_media":270,"parent":0,"menu_order":0,"comment_status":"closed","ping_status":"closed","template":"elementor_header_footer","meta":{"postBodyCss":"","postBodyMargin":[],"postBodyPadding":[],"postBodyBackground":{"backgroundType":"classic","gradient":""},"ngg_post_thumbnail":0,"footnotes":""},"class_list":["post-190","page","type-page","status-publish","has-post-thumbnail","hentry"],"_links":{"self":[{"href":"https:\/\/roscosmic.com\/index.php\/wp-json\/wp\/v2\/pages\/190","targetHints":{"allow":["GET"]}}],"collection":[{"href":"https:\/\/roscosmic.com\/index.php\/wp-json\/wp\/v2\/pages"}],"about":[{"href":"https:\/\/roscosmic.com\/index.php\/wp-json\/wp\/v2\/types\/page"}],"author":[{"embeddable":true,"href":"https:\/\/roscosmic.com\/index.php\/wp-json\/wp\/v2\/users\/1"}],"replies":[{"embeddable":true,"href":"https:\/\/roscosmic.com\/index.php\/wp-json\/wp\/v2\/comments?post=190"}],"version-history":[{"count":49,"href":"https:\/\/roscosmic.com\/index.php\/wp-json\/wp\/v2\/pages\/190\/revisions"}],"predecessor-version":[{"id":1916,"href":"https:\/\/roscosmic.com\/index.php\/wp-json\/wp\/v2\/pages\/190\/revisions\/1916"}],"wp:featuredmedia":[{"embeddable":true,"href":"https:\/\/roscosmic.com\/index.php\/wp-json\/wp\/v2\/media\/270"}],"wp:attachment":[{"href":"https:\/\/roscosmic.com\/index.php\/wp-json\/wp\/v2\/media?parent=190"}],"curies":[{"name":"wp","href":"https:\/\/api.w.org\/{rel}","templated":true}]}}