{"id":179,"date":"2023-11-09T12:20:49","date_gmt":"2023-11-09T11:20:49","guid":{"rendered":"https:\/\/roscosmic.com\/?page_id=179"},"modified":"2025-09-18T18:17:33","modified_gmt":"2025-09-18T16:17:33","slug":"info","status":"publish","type":"page","link":"https:\/\/roscosmic.com\/index.php\/info\/","title":{"rendered":"about"},"content":{"rendered":"\t\t<div data-elementor-type=\"wp-page\" data-elementor-id=\"179\" class=\"elementor elementor-179\" data-elementor-post-type=\"page\">\n\t\t\t\t<div class=\"elementor-element elementor-element-88565bd e-grid e-con-boxed e-con e-parent\" data-id=\"88565bd\" data-element_type=\"container\">\n\t\t\t\t\t<div class=\"e-con-inner\">\n\t\t\t\t<div class=\"elementor-element elementor-element-ee9d320 elementor-widget elementor-widget-spacer\" data-id=\"ee9d320\" data-element_type=\"widget\" data-widget_type=\"spacer.default\">\n\t\t\t\t\t\t\t<div class=\"elementor-spacer\">\n\t\t\t<div class=\"elementor-spacer-inner\"><\/div>\n\t\t<\/div>\n\t\t\t\t\t\t<\/div>\n\t\t\t\t\t<\/div>\n\t\t\t\t<\/div>\n\t\t<div class=\"elementor-element elementor-element-7f445f2 e-grid e-con-boxed e-con e-parent\" data-id=\"7f445f2\" data-element_type=\"container\">\n\t\t\t\t\t<div class=\"e-con-inner\">\n\t\t\t\t<div class=\"elementor-element elementor-element-fea7bb3 elementor-widget elementor-widget-heading\" data-id=\"fea7bb3\" data-element_type=\"widget\" data-widget_type=\"heading.default\">\n\t\t\t\t\t<h2 class=\"elementor-heading-title elementor-size-default\">CONTACT<\/h2>\t\t\t\t<\/div>\n\t\t\t\t<div class=\"elementor-element elementor-element-d138b6c elementor-widget elementor-widget-heading\" data-id=\"d138b6c\" data-element_type=\"widget\" data-widget_type=\"heading.default\">\n\t\t\t\t\t<h2 class=\"elementor-heading-title elementor-size-default\"><a href=\"https:\/\/roscosmic.com\/index.php\/aboutenglish\/\">english<\/a><\/h2>\t\t\t\t<\/div>\n\t\t\t\t\t<\/div>\n\t\t\t\t<\/div>\n\t\t<div class=\"elementor-element elementor-element-bea3a4d e-grid e-con-boxed e-con e-parent\" data-id=\"bea3a4d\" data-element_type=\"container\">\n\t\t\t\t\t<div class=\"e-con-inner\">\n\t\t\t\t<div class=\"elementor-element elementor-element-ef59e03 elementor-widget elementor-widget-text-editor\" data-id=\"ef59e03\" data-element_type=\"widget\" data-widget_type=\"text-editor.default\">\n\t\t\t\t\t\t\t\t\t<p>\u00a0<\/p><p><span style=\"font-family: avara;\">louise.charlier@hotmail.fr\u00a0 \\\u00a0 <span style=\"color: #ffffff;\">\u00a0<\/span><\/span><span style=\"font-family: avara;\"><span style=\"color: #ffffff;\"><a style=\"color: #ffffff; text-decoration: underline;\" href=\"http:\/\/roscosmic.com\/wp-content\/uploads\/2025\/09\/Louise-Charlier-Portfolio-2025.pdf\">portfolio<\/a>\u00a0<\/span> \\\u00a0 \u00a0<a href=\"https:\/\/www.instagram.com\/roscosmic_\/\">@roscosmic_<\/a> \u00a0<\/span><\/p>\t\t\t\t\t\t\t\t<\/div>\n\t\t\t\t<div class=\"elementor-element elementor-element-d375f7a elementor-widget elementor-widget-spacer\" data-id=\"d375f7a\" data-element_type=\"widget\" data-widget_type=\"spacer.default\">\n\t\t\t\t\t\t\t<div class=\"elementor-spacer\">\n\t\t\t<div class=\"elementor-spacer-inner\"><\/div>\n\t\t<\/div>\n\t\t\t\t\t\t<\/div>\n\t\t\t\t\t<\/div>\n\t\t\t\t<\/div>\n\t\t<div class=\"elementor-element elementor-element-ab16c4f e-grid e-con-boxed e-con e-parent\" data-id=\"ab16c4f\" data-element_type=\"container\">\n\t\t\t\t\t<div class=\"e-con-inner\">\n\t\t\t\t<div class=\"elementor-element elementor-element-15a67e3 elementor-widget elementor-widget-heading\" data-id=\"15a67e3\" data-element_type=\"widget\" data-widget_type=\"heading.default\">\n\t\t\t\t\t<h2 class=\"elementor-heading-title elementor-size-default\">BIOGRAPHIE<\/h2>\t\t\t\t<\/div>\n\t\t\t\t<div class=\"elementor-element elementor-element-037e48c elementor-widget elementor-widget-spacer\" data-id=\"037e48c\" data-element_type=\"widget\" data-widget_type=\"spacer.default\">\n\t\t\t\t\t\t\t<div class=\"elementor-spacer\">\n\t\t\t<div class=\"elementor-spacer-inner\"><\/div>\n\t\t<\/div>\n\t\t\t\t\t\t<\/div>\n\t\t\t\t<div class=\"elementor-element elementor-element-1bd18c4 elementor-widget elementor-widget-heading\" data-id=\"1bd18c4\" data-element_type=\"widget\" data-widget_type=\"heading.default\">\n\t\t\t\t\t<h2 class=\"elementor-heading-title elementor-size-default\">EXPOSITIONS<\/h2>\t\t\t\t<\/div>\n\t\t\t\t<div class=\"elementor-element elementor-element-0e98f93 elementor-widget elementor-widget-text-editor\" data-id=\"0e98f93\" data-element_type=\"widget\" data-widget_type=\"text-editor.default\">\n\t\t\t\t\t\t\t\t\t<p><span style=\"font-family: karrik, Helvetica, sans-serif;\">Louise Charlier (1996) est une artiste et chercheuse belge. Dipl\u00f4m\u00e9e d\u2019un master de l\u2019atelier de dessin de l\u2019ENSAV La Cambre en 2019, elle poursuit des recherches plastiques et th\u00e9oriques sur l\u2019imaginaire du cosmos. En 2022, Louise Charlier obtient une bourse de recherche du Fonds national belge pour la recherche scientifique (FNRS-FRESH) et entame un doctorat en art et sciences de l\u2019art (ULB &#8211; La Cambre). Ses installations tentent de repenser les liens entre la Terre et l\u2019espace \u00e0 travers la cr\u00e9ation de narrations sp\u00e9culatives futuristes.<\/span><\/p><p><span style=\"font-family: karrik, Helvetica, sans-serif;\">Depuis 2022, elle collabore avec plusieurs groupes de recherche scientifique, dont l\u2019Agence spatiale europ\u00e9enne et le d\u00e9partement de physique de l\u2019Universit\u00e9 de Porto. En 2025, Louise Charlier a particip\u00e9 \u00e0 la Biennale d\u2019art num\u00e9rique \u00abEn Commun\u00bb (Paris) ainsi qu\u2019\u00e0 l\u2019exposition \u00ab L\u00e0 o\u00f9 le ciel trembre \u00bb \u00e0 Kommet Lieu d\u2019art Contemporain (Lyon).<\/span><\/p><p><strong><span style=\"font-size: 24pt;\">PR\u00c9SENTATION<\/span><\/strong><\/p><p><span style=\"font-family: karrik, Helvetica, sans-serif;\">Louise Charlier travaille sur l\u2019observation de l\u2019espace, son lieu d\u2019exp\u00e9rimentation et de recherche, entre art, science et narration. L\u2019interdisciplinarit\u00e9 est une composante essentielle de son travail qui prend forme \u00e0 travers des installations m\u00ealant sculpture, vid\u00e9o, son, dessin, gravure ou encore performance.<\/span><\/p><p><span style=\"font-family: karrik, Helvetica, sans-serif;\">Elle d\u00e9veloppe Roscosmic, une agence spatiale sp\u00e9culative qu\u2019elle incarne tour \u00e0 tour comme directrice, astronaute ou pr\u00e9sentatrice m\u00e9t\u00e9o. Contrairement aux agences tourn\u00e9es vers la conqu\u00eate du cosmos, Roscosmic adopte une perspective invers\u00e9e : celle d\u2019une exploration terrestre, attentive aux r\u00e9cits que l\u2019on construit depuis la plan\u00e8te elle-m\u00eame. En reprenant les codes des institutions scientifiques \u2014 protocoles d\u2019enqu\u00eate, dispositifs d\u2019observation, programmes d\u2019archivage \u2014 l\u2019artiste met en place un corpus volontairement ambigu, qui trouble la distinction entre r\u00e9alit\u00e9 et fiction tout en questionnant ces imaginaires dominants, la v\u00e9racit\u00e9 de leurs repr\u00e9sentations du ciel et leur impact sur nos soci\u00e9t\u00e9s.<\/span><\/p><p><span style=\"font-family: karrik, Helvetica, sans-serif;\">Les installations de Louise Charlier sont des enclaves fictionnelles dans la r\u00e9alit\u00e9 objective qui invitent les spectateur\u00b7ices \u00e0 \u00ab construire de l\u2019espoir au bord du gouffre \u00bb en s\u2019immergeant dans d\u2019autres mondes possibles.<\/span><\/p>\t\t\t\t\t\t\t\t<\/div>\n\t\t\t\t<div class=\"elementor-element elementor-element-6beb8ee elementor-widget elementor-widget-spacer\" data-id=\"6beb8ee\" data-element_type=\"widget\" data-widget_type=\"spacer.default\">\n\t\t\t\t\t\t\t<div class=\"elementor-spacer\">\n\t\t\t<div class=\"elementor-spacer-inner\"><\/div>\n\t\t<\/div>\n\t\t\t\t\t\t<\/div>\n\t\t\t\t<div class=\"elementor-element elementor-element-21af49a elementor-widget elementor-widget-text-editor\" data-id=\"21af49a\" data-element_type=\"widget\" data-widget_type=\"text-editor.default\">\n\t\t\t\t\t\t\t\t\t<p style=\"text-align: right;\"><span style=\"font-size: 18pt;\">2025<\/span><\/p><p style=\"text-align: right;\"><span style=\"font-family: karrik, Helvetica, sans-serif;\"><strong>L\u00e0 o\u00f9 le ciel tremble,<\/strong><\/span><span style=\"font-family: karrik, Helvetica, sans-serif;\"> KOMMET &#8211; Lieu d\u2019art contemporain, exposition en duo, Lyon, FR <\/span><span style=\"font-family: karrik, Helvetica, sans-serif;\"><strong>Biennale En commun,<\/strong> territoire \u00abHabiter la T(t)erre, exposition collective, Paris, FR\u00a0 \u00a0 <\/span><span style=\"font-family: karrik, Helvetica, sans-serif;\"><strong>Roscosmic Space Shop<\/strong>, Vitrine du Centre Wallonie-Bruxelles, Paris, FR<\/span><\/p><p style=\"text-align: right;\"><span style=\"font-size: 18pt;\">2024<\/span><\/p><p style=\"text-align: right;\"><span style=\"font-family: karrik, Helvetica, sans-serif;\"><strong>Biennale NOVA XX &#8211; Plurivers et contingence,<\/strong> exposition collective, Centre Wallonie-Bruxelles, Paris, FR<\/span><br \/><span style=\"font-family: karrik, Helvetica, sans-serif;\"><strong>Library of Space Imaginaries,<\/strong> European Space Operation Center and Kultur einer Digitalstadt, exposition individuelle, Darmstatd, DE<\/span><br \/><span style=\"font-family: karrik, Helvetica, sans-serif;\"><strong>Voyage en terrain narratif,<\/strong> exposition collective, Abbaye de Neumester, Luxembourg, LU<\/span><br \/><strong>\u00c9<\/strong><span style=\"font-family: karrik, Helvetica, sans-serif;\"><strong>preuves d\u2019artistes<\/strong>, exposition collective, Maison de l\u2019imprimerie, Thuin, BE<\/span><\/p><p style=\"text-align: right;\"><span style=\"font-size: 18pt;\">2023<\/span><\/p><p style=\"text-align: right;\"><span style=\"font-family: karrik, Helvetica, sans-serif;\"><strong>Yung Nebula x OG\u2019s from the 6th dimension<\/strong>, exposition collective, La Mercerie, Bruxelles, BE<\/span><br \/><span style=\"font-family: karrik, Helvetica, sans-serif;\"><strong>Mirages,<\/strong> exposition collective, Fondation Moonens, Bruxelles, BE<\/span><\/p><p style=\"text-align: right;\"><span style=\"font-size: 18pt;\">2022<\/span><\/p><p style=\"text-align: right;\"><span style=\"font-family: karrik, Helvetica, sans-serif;\"><strong>Prix de la Gravure,<\/strong> exposition collective, Centre de la gravure et de l\u2019image imprim\u00e9e, La Louvi\u00e8re, BE<\/span><br \/><span style=\"font-family: karrik, Helvetica, sans-serif;\"><strong>Un destin, le dessin,<\/strong> exposition collective, La Cambre, Bruxelles, BE<\/span><br \/><span style=\"font-family: karrik, Helvetica, sans-serif;\"><strong>Cosmographie,<\/strong> exposition collective, Odradek r\u00e9sidence, en collaboration avec l\u2019ISELP et l\u2019Impression Forte, Bruxelles, BE<\/span><\/p><p style=\"text-align: right;\"><span style=\"font-size: 18pt;\">2021<\/span><\/p><p style=\"text-align: right;\"><strong>\u00c9<\/strong><span style=\"font-family: karrik, Helvetica, sans-serif;\"><strong>tranges lumi\u00e8res c\u00e9lestes<\/strong>, exposition individuelle, Maison Lismonde, Bruxelles, BE<\/span><br \/><span style=\"font-family: karrik, Helvetica, sans-serif;\"><strong>Roscosmique<\/strong>, exposition individuelle, Fort Saint-H\u00e9ribert \u00e0 Namur et ASBL Lieux-Communs, BE<\/span><\/p><p style=\"text-align: right;\"><span style=\"font-size: 18pt;\">2019<\/span><\/p><p style=\"text-align: right;\"><span style=\"font-family: karrik, Helvetica, sans-serif;\"><strong>SUPERVUE Festival,<\/strong> art &amp; music festival, Terril Piron, Li\u00e8ge, BE<\/span><br \/><span style=\"font-family: karrik, Helvetica, sans-serif;\"><strong>All in one,<\/strong> exposition collective, Kanal centre Pompidou, Bruxelles, BE<\/span><br \/><span style=\"font-family: karrik, Helvetica, sans-serif;\"><strong>Trouble (fragile) #10 [redux],<\/strong> exposition collective, Studio Thor, Bruxelles, BE<\/span><br \/><span style=\"font-family: karrik, Helvetica, sans-serif;\"><strong>Space XXX<\/strong>, exposition collective, Hectolitre, Bruxelles, BE<\/span><\/p><p style=\"text-align: right;\"><strong><span style=\"font-size: 24pt;\">R\u00c9SIDENCES &amp; PRIX<\/span><\/strong><\/p><p style=\"text-align: right;\"><span style=\"font-size: 18pt;\">2025<\/span><\/p><p style=\"text-align: right;\"><span style=\"font-family: karrik, Helvetica, sans-serif;\"><strong>S\u00e9jour de Recherche \u00e0 l\u2019UQAM &#8211; CELAT,<\/strong> Montr\u00e9al, Canada<\/span><\/p><p style=\"text-align: right;\"><strong>UMPRUM, <\/strong><span style=\"font-family: karrik, Helvetica, sans-serif;\">s\u00e9jour de recherche doctorale, Prague<\/span><\/p><p style=\"text-align: right;\"><span style=\"font-size: 18pt;\">2024<\/span><\/p><p style=\"text-align: right;\"><strong>Poet Workshop : recherche sur les exoplan\u00e8tes<\/strong>,<span style=\"font-family: karrik, Helvetica, sans-serif;\"> Universit\u00e9 de Porto<\/span><\/p><p style=\"text-align: right;\"><span style=\"font-family: karrik, Helvetica, sans-serif;\"><strong>Academia Belgica,<\/strong> r\u00e9sidence de recherche, Rome, IT<\/span><br \/><span style=\"font-family: karrik, Helvetica, sans-serif;\"><strong>Prix Kommet,<\/strong> Biennale NOVA XX &#8211; Plurivers et contingence, Paris<\/span><br \/><span style=\"font-family: karrik, Helvetica, sans-serif;\"><strong>Prix Siana<\/strong>, Biennale NOVA XX &#8211; Plurivers et contingence, Paris<\/span><\/p><p style=\"text-align: right;\"><span style=\"font-size: 18pt;\">2023<\/span><\/p><p style=\"text-align: right;\"><span style=\"font-family: karrik, Helvetica, sans-serif;\"><strong>R\u00e9sidence de cr\u00e9ation, <\/strong>l\u2019Abbaye de Neumeister, LU<\/span><br \/><span style=\"font-family: karrik, Helvetica, sans-serif;\"><strong>Art-in-science-residence,<\/strong> Kultur einer Digitalstadt and the European Space Operation Center &#8211; European Space Agency, Darmstadt, GE<\/span><br \/><span style=\"font-family: karrik, Helvetica, sans-serif;\"><strong>Astronomy Residency<\/strong>, Kikk et l\u2019observatoire de l\u2019UNamur, BE<\/span><\/p><p style=\"text-align: right;\"><span style=\"font-size: 18pt;\">2022<\/span><\/p><p style=\"text-align: right;\"><span style=\"font-family: karrik, Helvetica, sans-serif;\"><strong>FRESH<\/strong>, Fond National pour la Recherche Scientique, bourse docctorale, Belgique<\/span><br \/><span style=\"font-family: karrik, Helvetica, sans-serif;\"><strong>31st Prix de la Gravure et de l\u2019image imprim\u00e9e,<\/strong> Centre de la Gravure et de l\u2019Image impirm\u00e9e de La Louvi\u00e8re, Belgique<\/span><\/p><p style=\"text-align: right;\"><span style=\"font-size: 18pt;\">2021<\/span><\/p><p style=\"text-align: right;\"><span style=\"font-family: karrik, Helvetica, sans-serif;\"><strong>Impression Forte,<\/strong> atelier de gravure, Bruxelles, BE<\/span><\/p><p style=\"text-align: right;\"><strong><span style=\"font-size: 24pt;\">DIPL\u00d4MES<\/span><\/strong><\/p><p style=\"text-align: right;\"><span style=\"font-size: 18pt;\">en cours<\/span><\/p><p style=\"text-align: right;\"><span style=\"font-family: karrik, Helvetica, sans-serif;\"><strong>\u00a0Doctorat en Art et Science de l\u2019art,<\/strong> ENSAV La Cambre et Universit\u00e9 Libre de Bruxelles, BE<\/span><\/p><p style=\"text-align: right;\"><span style=\"font-size: 18pt;\">2020<\/span><\/p><p style=\"text-align: right;\"><span style=\"font-family: karrik, Helvetica, sans-serif;\"><strong>\u00a0Master en arts plastique, visuels et de l\u2019espace, orientation approfondi<\/strong>e, ENSAV La Cambre et Universit\u00e9 Libre de Bruxelles, Bruxelles, BE<\/span><\/p><p style=\"text-align: right;\"><span style=\"font-size: 18pt;\">2019<\/span><\/p><p style=\"text-align: right;\"><span style=\"font-family: karrik, Helvetica, sans-serif;\"><strong>\u00a0Master en arts plastique, visuels et de l\u2019espace<\/strong>, atelier dessin, ENSAV La Cambre, Bruxelles, BE<\/span><\/p><p style=\"text-align: right;\"><span style=\"font-size: 18pt;\">2017<\/span><\/p><p style=\"text-align: right;\"><span style=\"font-family: karrik, Helvetica, sans-serif;\"><strong>Bachelor en arts plastique, visuels et de l\u2019espace<\/strong>, ENSAV La Cambre, Bruxelles, BE<\/span><\/p><p style=\"text-align: right;\"><span style=\"font-size: 24pt;\"><strong>PRESSE<\/strong><\/span><\/p><p style=\"text-align: right;\"><span style=\"text-decoration: underline;\"><span style=\"color: #ffffff; text-decoration: underline;\"><a style=\"color: #ffffff; text-decoration: underline;\" href=\"https:\/\/www.youtube.com\/watch?v=VWrsVLPjHrE\"><strong>L\u00e0 o\u00f9 le ciel Tremble<\/strong><\/a><\/span><\/span><span style=\"font-family: karrik, Helvetica, sans-serif;\"> &#8211; Louise Charlier et Jos\u00e9phine Topolanski, vid\u00e9o d\u2019exposition et interview<\/span><\/p><p style=\"text-align: right;\"><strong>Nova y Va au Centre Wallonie Bruxelles pour la biennale NOVA_XX,<\/strong> <span style=\"font-family: karrik, Helvetica, sans-serif;\">Radio Nova<\/span><\/p><p style=\"text-align: right;\"><strong>L\u2019art pour repenser l\u2019espace,<\/strong> <span style=\"font-family: karrik, Helvetica, sans-serif;\">KingKong Magazine<\/span><\/p><p style=\"text-align: right;\"><span style=\"text-decoration: underline;\"><span style=\"color: #ffffff;\"><a style=\"color: #ffffff;\" href=\"https:\/\/soundcloud.com\/iselp\/popcorner?in=iselp\/sets\/pop-corner-echos-du-futur\"><strong>Echo du futur #7, Le Livre des Miracles<\/strong><\/a><\/span><\/span> <span style=\"font-family: karrik, Helvetica, sans-serif;\">&#8211; Rencontre avec Louise Charlier et Romane Armand, ISELP<\/span><\/p><div>\u00a0<\/div><div>\u00a0<\/div>\t\t\t\t\t\t\t\t<\/div>\n\t\t\t\t<div class=\"elementor-element elementor-element-3df1a38 elementor-widget elementor-widget-spacer\" data-id=\"3df1a38\" data-element_type=\"widget\" data-widget_type=\"spacer.default\">\n\t\t\t\t\t\t\t<div class=\"elementor-spacer\">\n\t\t\t<div class=\"elementor-spacer-inner\"><\/div>\n\t\t<\/div>\n\t\t\t\t\t\t<\/div>\n\t\t\t\t\t<\/div>\n\t\t\t\t<\/div>\n\t\t<div class=\"elementor-element elementor-element-ddab2df e-flex e-con-boxed e-con e-parent\" data-id=\"ddab2df\" data-element_type=\"container\">\n\t\t\t\t\t<div class=\"e-con-inner\">\n\t\t\t\t\t<\/div>\n\t\t\t\t<\/div>\n\t\t\t\t<\/div>\n\t\t\n    <div class=\"xs_social_share_widget xs_share_url after_content \t\tmain_content  wslu-style-1 wslu-share-box-shaped wslu-fill-colored wslu-none wslu-share-horizontal wslu-theme-font-no wslu-main_content\">\n\n\t\t\n        <ul>\n\t\t\t        <\/ul>\n    <\/div> \n","protected":false},"excerpt":{"rendered":"<p>CONTACT english \u00a0 louise.charlier@hotmail.fr\u00a0 \u00a0 \u00a0portfolio\u00a0 \u00a0 \u00a0@roscosmic_ \u00a0 BIOGRAPHIE EXPOSITIONS Louise Charlier (1996) est une artiste et chercheuse belge. Dipl\u00f4m\u00e9e d\u2019un master de l\u2019atelier de dessin de l\u2019ENSAV La Cambre en 2019, elle poursuit des recherches plastiques et th\u00e9oriques sur l\u2019imaginaire du cosmos. En 2022, Louise Charlier obtient une bourse de recherche du Fonds [&hellip;]<\/p>\n","protected":false},"author":1,"featured_media":0,"parent":0,"menu_order":0,"comment_status":"closed","ping_status":"closed","template":"elementor_header_footer","meta":{"postBodyCss":"","postBodyMargin":[],"postBodyPadding":[],"postBodyBackground":{"backgroundType":"classic","gradient":""},"ngg_post_thumbnail":0,"footnotes":""},"class_list":["post-179","page","type-page","status-publish","hentry"],"_links":{"self":[{"href":"https:\/\/roscosmic.com\/index.php\/wp-json\/wp\/v2\/pages\/179","targetHints":{"allow":["GET"]}}],"collection":[{"href":"https:\/\/roscosmic.com\/index.php\/wp-json\/wp\/v2\/pages"}],"about":[{"href":"https:\/\/roscosmic.com\/index.php\/wp-json\/wp\/v2\/types\/page"}],"author":[{"embeddable":true,"href":"https:\/\/roscosmic.com\/index.php\/wp-json\/wp\/v2\/users\/1"}],"replies":[{"embeddable":true,"href":"https:\/\/roscosmic.com\/index.php\/wp-json\/wp\/v2\/comments?post=179"}],"version-history":[{"count":338,"href":"https:\/\/roscosmic.com\/index.php\/wp-json\/wp\/v2\/pages\/179\/revisions"}],"predecessor-version":[{"id":1991,"href":"https:\/\/roscosmic.com\/index.php\/wp-json\/wp\/v2\/pages\/179\/revisions\/1991"}],"wp:attachment":[{"href":"https:\/\/roscosmic.com\/index.php\/wp-json\/wp\/v2\/media?parent=179"}],"curies":[{"name":"wp","href":"https:\/\/api.w.org\/{rel}","templated":true}]}}