{"id":1678,"date":"2025-08-27T13:03:15","date_gmt":"2025-08-27T11:03:15","guid":{"rendered":"https:\/\/roscosmic.com\/?page_id=1678"},"modified":"2025-08-28T09:32:23","modified_gmt":"2025-08-28T07:32:23","slug":"pour-que-leurs-yeux-soient-a-jamais-les-notres","status":"publish","type":"page","link":"https:\/\/roscosmic.com\/index.php\/pour-que-leurs-yeux-soient-a-jamais-les-notres\/","title":{"rendered":"pour que leurs yeux soient \u00e0 jamais les n\u00f4tres"},"content":{"rendered":"\t\t<div data-elementor-type=\"wp-page\" data-elementor-id=\"1678\" class=\"elementor elementor-1678\" data-elementor-post-type=\"page\">\n\t\t\t\t<div class=\"elementor-element elementor-element-7f3349b e-grid e-con-boxed e-con e-parent\" data-id=\"7f3349b\" data-element_type=\"container\">\n\t\t\t\t\t<div class=\"e-con-inner\">\n\t\t\t\t<div class=\"elementor-element elementor-element-c82cd50 elementor-widget elementor-widget-spacer\" data-id=\"c82cd50\" data-element_type=\"widget\" data-widget_type=\"spacer.default\">\n\t\t\t\t\t\t\t<div class=\"elementor-spacer\">\n\t\t\t<div class=\"elementor-spacer-inner\"><\/div>\n\t\t<\/div>\n\t\t\t\t\t\t<\/div>\n\t\t\t\t\t<\/div>\n\t\t\t\t<\/div>\n\t\t<div class=\"elementor-element elementor-element-dedf5ea e-flex e-con-boxed e-con e-parent\" data-id=\"dedf5ea\" data-element_type=\"container\">\n\t\t\t\t\t<div class=\"e-con-inner\">\n\t\t<div class=\"elementor-element elementor-element-00d15a2 e-con-full e-flex e-con e-child\" data-id=\"00d15a2\" data-element_type=\"container\">\n\t\t\t\t<div class=\"elementor-element elementor-element-1df667e elementor-widget elementor-widget-text-editor\" data-id=\"1df667e\" data-element_type=\"widget\" data-settings=\"{&quot;sticky&quot;:&quot;top&quot;,&quot;sticky_on&quot;:[&quot;desktop&quot;],&quot;sticky_offset&quot;:0,&quot;sticky_effects_offset&quot;:0,&quot;sticky_anchor_link_offset&quot;:0}\" data-widget_type=\"text-editor.default\">\n\t\t\t\t\t\t\t\t\t<p>\u00a0<\/p><p style=\"text-align: right;\"><span style=\"font-size: 24pt;\">POUR QUE LEURS YEUX SOIENT \u00c0 JAMAIS LES N\u00d4TRES<\/span><\/p><p style=\"text-align: right;\">Comm\u00e9moration pour les t\u00e9moins d\u2019OVNIs<\/p><p style=\"text-align: right;\"><span style=\"font-family: AVARA BLACK, Helvetica, sans-serif;\">[2025]<\/span><\/p><p style=\"text-align: right;\"><span style=\"font-family: KARRIK, Helvetica, sans-serif;\">Plaque aluminium, lunettes et photographies st\u00e9r\u00e9oscopiques<\/span><br \/><span style=\"font-family: KARRIK, Helvetica, sans-serif;\">30 cm x 6cm x10 cm<\/span><br \/><span style=\"font-family: KARRIK, Helvetica, sans-serif;\">20 cm x 25 cm<\/span><\/p>\t\t\t\t\t\t\t\t<\/div>\n\t\t\t\t<\/div>\n\t\t<div class=\"elementor-element elementor-element-d226d46 e-con-full e-flex e-con e-child\" data-id=\"d226d46\" data-element_type=\"container\">\n\t\t\t\t<div class=\"elementor-element elementor-element-d9ae9cd elementor-widget elementor-widget-image\" data-id=\"d9ae9cd\" data-element_type=\"widget\" data-widget_type=\"image.default\">\n\t\t\t\t\t\t\t\t\t\t\t\t\t\t\t<img fetchpriority=\"high\" decoding=\"async\" width=\"684\" height=\"1024\" src=\"https:\/\/roscosmic.com\/wp-content\/uploads\/2025\/08\/DSC06728-684x1024.jpg\" class=\"attachment-large size-large wp-image-629\" alt=\"\" srcset=\"https:\/\/roscosmic.com\/wp-content\/uploads\/2025\/08\/DSC06728-684x1024.jpg 684w, https:\/\/roscosmic.com\/wp-content\/uploads\/2025\/08\/DSC06728-200x300.jpg 200w, https:\/\/roscosmic.com\/wp-content\/uploads\/2025\/08\/DSC06728-768x1150.jpg 768w, https:\/\/roscosmic.com\/wp-content\/uploads\/2025\/08\/DSC06728-1026x1536.jpg 1026w, https:\/\/roscosmic.com\/wp-content\/uploads\/2025\/08\/DSC06728-1368x2048.jpg 1368w, https:\/\/roscosmic.com\/wp-content\/uploads\/2025\/08\/DSC06728-scaled.jpg 1710w\" sizes=\"(max-width: 684px) 100vw, 684px\" \/>\t\t\t\t\t\t\t\t\t\t\t\t\t\t\t<\/div>\n\t\t\t\t<div class=\"elementor-element elementor-element-4f93bda e-transform elementor-widget elementor-widget-image\" data-id=\"4f93bda\" data-element_type=\"widget\" data-settings=\"{&quot;_transform_translateY_effect&quot;:{&quot;unit&quot;:&quot;px&quot;,&quot;size&quot;:-40,&quot;sizes&quot;:[]},&quot;_transform_translateX_effect&quot;:{&quot;unit&quot;:&quot;px&quot;,&quot;size&quot;:&quot;&quot;,&quot;sizes&quot;:[]},&quot;_transform_translateX_effect_tablet&quot;:{&quot;unit&quot;:&quot;px&quot;,&quot;size&quot;:&quot;&quot;,&quot;sizes&quot;:[]},&quot;_transform_translateX_effect_mobile&quot;:{&quot;unit&quot;:&quot;px&quot;,&quot;size&quot;:&quot;&quot;,&quot;sizes&quot;:[]},&quot;_transform_translateY_effect_tablet&quot;:{&quot;unit&quot;:&quot;px&quot;,&quot;size&quot;:&quot;&quot;,&quot;sizes&quot;:[]},&quot;_transform_translateY_effect_mobile&quot;:{&quot;unit&quot;:&quot;px&quot;,&quot;size&quot;:&quot;&quot;,&quot;sizes&quot;:[]}}\" data-widget_type=\"image.default\">\n\t\t\t\t\t\t\t\t\t\t\t\t\t\t\t<img decoding=\"async\" width=\"1024\" height=\"684\" src=\"https:\/\/roscosmic.com\/wp-content\/uploads\/2025\/08\/DSC06732-1024x684.jpg\" class=\"attachment-large size-large wp-image-630\" alt=\"\" srcset=\"https:\/\/roscosmic.com\/wp-content\/uploads\/2025\/08\/DSC06732-1024x684.jpg 1024w, https:\/\/roscosmic.com\/wp-content\/uploads\/2025\/08\/DSC06732-300x200.jpg 300w, https:\/\/roscosmic.com\/wp-content\/uploads\/2025\/08\/DSC06732-768x513.jpg 768w, https:\/\/roscosmic.com\/wp-content\/uploads\/2025\/08\/DSC06732-1536x1026.jpg 1536w, https:\/\/roscosmic.com\/wp-content\/uploads\/2025\/08\/DSC06732-2048x1368.jpg 2048w\" sizes=\"(max-width: 1024px) 100vw, 1024px\" \/>\t\t\t\t\t\t\t\t\t\t\t\t\t\t\t<\/div>\n\t\t\t\t<\/div>\n\t\t\t\t\t<\/div>\n\t\t\t\t<\/div>\n\t\t\t\t<\/div>\n\t\t\n    <div class=\"xs_social_share_widget xs_share_url after_content \t\tmain_content  wslu-style-1 wslu-share-box-shaped wslu-fill-colored wslu-none wslu-share-horizontal wslu-theme-font-no wslu-main_content\">\n\n\t\t\n        <ul>\n\t\t\t        <\/ul>\n    <\/div> \n","protected":false},"excerpt":{"rendered":"<p>\u00a0 POUR QUE LEURS YEUX SOIENT \u00c0 JAMAIS LES N\u00d4TRES Comm\u00e9moration pour les t\u00e9moins d\u2019OVNIs [2025] Plaque aluminium, lunettes et photographies st\u00e9r\u00e9oscopiques30 cm x 6cm x10 cm20 cm x 25 cm<\/p>\n","protected":false},"author":1,"featured_media":0,"parent":0,"menu_order":0,"comment_status":"closed","ping_status":"closed","template":"elementor_header_footer","meta":{"postBodyCss":"","postBodyMargin":[],"postBodyPadding":[],"postBodyBackground":{"backgroundType":"classic","gradient":""},"ngg_post_thumbnail":0,"footnotes":""},"class_list":["post-1678","page","type-page","status-publish","hentry"],"_links":{"self":[{"href":"https:\/\/roscosmic.com\/index.php\/wp-json\/wp\/v2\/pages\/1678","targetHints":{"allow":["GET"]}}],"collection":[{"href":"https:\/\/roscosmic.com\/index.php\/wp-json\/wp\/v2\/pages"}],"about":[{"href":"https:\/\/roscosmic.com\/index.php\/wp-json\/wp\/v2\/types\/page"}],"author":[{"embeddable":true,"href":"https:\/\/roscosmic.com\/index.php\/wp-json\/wp\/v2\/users\/1"}],"replies":[{"embeddable":true,"href":"https:\/\/roscosmic.com\/index.php\/wp-json\/wp\/v2\/comments?post=1678"}],"version-history":[{"count":10,"href":"https:\/\/roscosmic.com\/index.php\/wp-json\/wp\/v2\/pages\/1678\/revisions"}],"predecessor-version":[{"id":1904,"href":"https:\/\/roscosmic.com\/index.php\/wp-json\/wp\/v2\/pages\/1678\/revisions\/1904"}],"wp:attachment":[{"href":"https:\/\/roscosmic.com\/index.php\/wp-json\/wp\/v2\/media?parent=1678"}],"curies":[{"name":"wp","href":"https:\/\/api.w.org\/{rel}","templated":true}]}}