{"id":1665,"date":"2025-08-27T12:58:45","date_gmt":"2025-08-27T10:58:45","guid":{"rendered":"https:\/\/roscosmic.com\/?page_id=1665"},"modified":"2025-08-28T09:34:39","modified_gmt":"2025-08-28T07:34:39","slug":"meteo-orbitale","status":"publish","type":"page","link":"https:\/\/roscosmic.com\/index.php\/meteo-orbitale\/","title":{"rendered":"m\u00e9t\u00e9o orbitale"},"content":{"rendered":"\t\t<div data-elementor-type=\"wp-page\" data-elementor-id=\"1665\" class=\"elementor elementor-1665\" data-elementor-post-type=\"page\">\n\t\t\t\t<div class=\"elementor-element elementor-element-72979eb e-grid e-con-boxed e-con e-parent\" data-id=\"72979eb\" data-element_type=\"container\">\n\t\t\t\t\t<div class=\"e-con-inner\">\n\t\t\t\t<div class=\"elementor-element elementor-element-b2bf0b8 elementor-widget elementor-widget-spacer\" data-id=\"b2bf0b8\" data-element_type=\"widget\" data-widget_type=\"spacer.default\">\n\t\t\t\t\t\t\t<div class=\"elementor-spacer\">\n\t\t\t<div class=\"elementor-spacer-inner\"><\/div>\n\t\t<\/div>\n\t\t\t\t\t\t<\/div>\n\t\t\t\t\t<\/div>\n\t\t\t\t<\/div>\n\t\t<div class=\"elementor-element elementor-element-8b75a4b e-flex e-con-boxed e-con e-parent\" data-id=\"8b75a4b\" data-element_type=\"container\">\n\t\t\t\t\t<div class=\"e-con-inner\">\n\t\t<div class=\"elementor-element elementor-element-1b4f777 e-con-full e-flex e-con e-child\" data-id=\"1b4f777\" data-element_type=\"container\">\n\t\t\t\t<div class=\"elementor-element elementor-element-094b6d8 elementor-widget elementor-widget-text-editor\" data-id=\"094b6d8\" data-element_type=\"widget\" data-settings=\"{&quot;sticky&quot;:&quot;top&quot;,&quot;sticky_on&quot;:[&quot;desktop&quot;],&quot;sticky_offset&quot;:0,&quot;sticky_effects_offset&quot;:0,&quot;sticky_anchor_link_offset&quot;:0}\" data-widget_type=\"text-editor.default\">\n\t\t\t\t\t\t\t\t\t&nbsp;\n<p style=\"text-align: right;\"><span style=\"font-size: 24pt;\">M\u00c9T\u00c9O ORBITALE<\/span><\/p>\n<p style=\"text-align: right;\">Votre m\u00e9t\u00e9o spatiale journali\u00e8re en direct sur roscosmic tv<\/p>\n<p style=\"text-align: right;\"><span style=\"font-family: avara black, Helvetica, sans-serif;\">[2025]<\/span><\/p>\n<p style=\"text-align: right;\"><span style=\"font-family: karrik, Helvetica, sans-serif;\">5min, fran\u00e7ais et anglais<\/span>\n<span style=\"font-family: karrik, Helvetica, sans-serif;\">intelligence artificielle<\/span><\/p>\n&nbsp;\n<p style=\"text-align: right;\"><span style=\"font-family: avara black, Helvetica, sans-serif; font-size: 10pt;\">cette vid\u00e9o fait partie de l&rsquo;installation Mission Control Room et Roscosmic tv<\/span><\/p>\t\t\t\t\t\t\t\t<\/div>\n\t\t\t\t<\/div>\n\t\t<div class=\"elementor-element elementor-element-ed98b45 e-con-full e-flex e-con e-child\" data-id=\"ed98b45\" data-element_type=\"container\">\n\t\t\t\t<div class=\"elementor-element elementor-element-0d16494 elementor-widget elementor-widget-image\" data-id=\"0d16494\" data-element_type=\"widget\" data-widget_type=\"image.default\">\n\t\t\t\t\t\t\t\t\t\t\t\t\t\t\t<img fetchpriority=\"high\" decoding=\"async\" width=\"1024\" height=\"576\" src=\"https:\/\/roscosmic.com\/wp-content\/uploads\/2025\/08\/Sequence-01.00_01_45_21.Still005-1024x576.png\" class=\"attachment-large size-large wp-image-1755\" alt=\"\" srcset=\"https:\/\/roscosmic.com\/wp-content\/uploads\/2025\/08\/Sequence-01.00_01_45_21.Still005-1024x576.png 1024w, https:\/\/roscosmic.com\/wp-content\/uploads\/2025\/08\/Sequence-01.00_01_45_21.Still005-300x169.png 300w, https:\/\/roscosmic.com\/wp-content\/uploads\/2025\/08\/Sequence-01.00_01_45_21.Still005-768x432.png 768w, https:\/\/roscosmic.com\/wp-content\/uploads\/2025\/08\/Sequence-01.00_01_45_21.Still005-1536x864.png 1536w, https:\/\/roscosmic.com\/wp-content\/uploads\/2025\/08\/Sequence-01.00_01_45_21.Still005.png 1920w\" sizes=\"(max-width: 1024px) 100vw, 1024px\" \/>\t\t\t\t\t\t\t\t\t\t\t\t\t\t\t<\/div>\n\t\t\t\t<div class=\"elementor-element elementor-element-c58a028 elementor-widget elementor-widget-image\" data-id=\"c58a028\" data-element_type=\"widget\" data-widget_type=\"image.default\">\n\t\t\t\t\t\t\t\t\t\t\t\t\t\t\t<img decoding=\"async\" width=\"1024\" height=\"576\" src=\"https:\/\/roscosmic.com\/wp-content\/uploads\/2025\/08\/Sequence-01.00_01_04_47.Still004-1024x576.png\" class=\"attachment-large size-large wp-image-1754\" alt=\"\" srcset=\"https:\/\/roscosmic.com\/wp-content\/uploads\/2025\/08\/Sequence-01.00_01_04_47.Still004-1024x576.png 1024w, https:\/\/roscosmic.com\/wp-content\/uploads\/2025\/08\/Sequence-01.00_01_04_47.Still004-300x169.png 300w, https:\/\/roscosmic.com\/wp-content\/uploads\/2025\/08\/Sequence-01.00_01_04_47.Still004-768x432.png 768w, https:\/\/roscosmic.com\/wp-content\/uploads\/2025\/08\/Sequence-01.00_01_04_47.Still004-1536x864.png 1536w, https:\/\/roscosmic.com\/wp-content\/uploads\/2025\/08\/Sequence-01.00_01_04_47.Still004.png 1920w\" sizes=\"(max-width: 1024px) 100vw, 1024px\" \/>\t\t\t\t\t\t\t\t\t\t\t\t\t\t\t<\/div>\n\t\t\t\t<div class=\"elementor-element elementor-element-86ce8ca elementor-widget elementor-widget-image\" data-id=\"86ce8ca\" data-element_type=\"widget\" data-widget_type=\"image.default\">\n\t\t\t\t\t\t\t\t\t\t\t\t\t\t\t<img decoding=\"async\" width=\"1024\" height=\"576\" src=\"https:\/\/roscosmic.com\/wp-content\/uploads\/2025\/08\/Sequence-01.00_01_51_24.Still006-1024x576.png\" class=\"attachment-large size-large wp-image-1757\" alt=\"\" srcset=\"https:\/\/roscosmic.com\/wp-content\/uploads\/2025\/08\/Sequence-01.00_01_51_24.Still006-1024x576.png 1024w, https:\/\/roscosmic.com\/wp-content\/uploads\/2025\/08\/Sequence-01.00_01_51_24.Still006-300x169.png 300w, https:\/\/roscosmic.com\/wp-content\/uploads\/2025\/08\/Sequence-01.00_01_51_24.Still006-768x432.png 768w, https:\/\/roscosmic.com\/wp-content\/uploads\/2025\/08\/Sequence-01.00_01_51_24.Still006-1536x864.png 1536w, https:\/\/roscosmic.com\/wp-content\/uploads\/2025\/08\/Sequence-01.00_01_51_24.Still006.png 1920w\" sizes=\"(max-width: 1024px) 100vw, 1024px\" \/>\t\t\t\t\t\t\t\t\t\t\t\t\t\t\t<\/div>\n\t\t\t\t<\/div>\n\t\t\t\t\t<\/div>\n\t\t\t\t<\/div>\n\t\t\t\t<\/div>\n\t\t\n    <div class=\"xs_social_share_widget xs_share_url after_content \t\tmain_content  wslu-style-1 wslu-share-box-shaped wslu-fill-colored wslu-none wslu-share-horizontal wslu-theme-font-no wslu-main_content\">\n\n\t\t\n        <ul>\n\t\t\t        <\/ul>\n    <\/div> \n","protected":false},"excerpt":{"rendered":"<p>&nbsp; M\u00c9T\u00c9O ORBITALE Votre m\u00e9t\u00e9o spatiale journali\u00e8re en direct sur roscosmic tv [2025] 5min, fran\u00e7ais et anglais intelligence artificielle &nbsp; cette vid\u00e9o fait partie de l&rsquo;installation Mission Control Room et Roscosmic tv<\/p>\n","protected":false},"author":1,"featured_media":0,"parent":0,"menu_order":0,"comment_status":"closed","ping_status":"closed","template":"elementor_header_footer","meta":{"postBodyCss":"","postBodyMargin":[],"postBodyPadding":[],"postBodyBackground":{"backgroundType":"classic","gradient":""},"ngg_post_thumbnail":0,"footnotes":""},"class_list":["post-1665","page","type-page","status-publish","hentry"],"_links":{"self":[{"href":"https:\/\/roscosmic.com\/index.php\/wp-json\/wp\/v2\/pages\/1665","targetHints":{"allow":["GET"]}}],"collection":[{"href":"https:\/\/roscosmic.com\/index.php\/wp-json\/wp\/v2\/pages"}],"about":[{"href":"https:\/\/roscosmic.com\/index.php\/wp-json\/wp\/v2\/types\/page"}],"author":[{"embeddable":true,"href":"https:\/\/roscosmic.com\/index.php\/wp-json\/wp\/v2\/users\/1"}],"replies":[{"embeddable":true,"href":"https:\/\/roscosmic.com\/index.php\/wp-json\/wp\/v2\/comments?post=1665"}],"version-history":[{"count":13,"href":"https:\/\/roscosmic.com\/index.php\/wp-json\/wp\/v2\/pages\/1665\/revisions"}],"predecessor-version":[{"id":1919,"href":"https:\/\/roscosmic.com\/index.php\/wp-json\/wp\/v2\/pages\/1665\/revisions\/1919"}],"wp:attachment":[{"href":"https:\/\/roscosmic.com\/index.php\/wp-json\/wp\/v2\/media?parent=1665"}],"curies":[{"name":"wp","href":"https:\/\/api.w.org\/{rel}","templated":true}]}}