{"id":1659,"date":"2025-08-27T12:46:28","date_gmt":"2025-08-27T10:46:28","guid":{"rendered":"https:\/\/roscosmic.com\/?page_id=1659"},"modified":"2025-08-28T09:31:11","modified_gmt":"2025-08-28T07:31:11","slug":"mission-control-room","status":"publish","type":"page","link":"https:\/\/roscosmic.com\/index.php\/mission-control-room\/","title":{"rendered":"mission control room"},"content":{"rendered":"\t\t<div data-elementor-type=\"wp-page\" data-elementor-id=\"1659\" class=\"elementor elementor-1659\" data-elementor-post-type=\"page\">\n\t\t\t\t<div class=\"elementor-element elementor-element-484bb09 e-grid e-con-boxed e-con e-parent\" data-id=\"484bb09\" data-element_type=\"container\">\n\t\t\t\t\t<div class=\"e-con-inner\">\n\t\t\t\t<div class=\"elementor-element elementor-element-471d7a5 elementor-widget elementor-widget-spacer\" data-id=\"471d7a5\" data-element_type=\"widget\" data-widget_type=\"spacer.default\">\n\t\t\t\t\t\t\t<div class=\"elementor-spacer\">\n\t\t\t<div class=\"elementor-spacer-inner\"><\/div>\n\t\t<\/div>\n\t\t\t\t\t\t<\/div>\n\t\t\t\t\t<\/div>\n\t\t\t\t<\/div>\n\t\t<div class=\"elementor-element elementor-element-47c66eb e-flex e-con-boxed e-con e-parent\" data-id=\"47c66eb\" data-element_type=\"container\">\n\t\t\t\t\t<div class=\"e-con-inner\">\n\t\t<div class=\"elementor-element elementor-element-2712686 e-con-full e-flex e-con e-child\" data-id=\"2712686\" data-element_type=\"container\">\n\t\t\t\t<div class=\"elementor-element elementor-element-608a8f7 elementor-widget elementor-widget-text-editor\" data-id=\"608a8f7\" data-element_type=\"widget\" data-settings=\"{&quot;sticky&quot;:&quot;top&quot;,&quot;sticky_on&quot;:[&quot;desktop&quot;],&quot;sticky_offset&quot;:0,&quot;sticky_effects_offset&quot;:0,&quot;sticky_anchor_link_offset&quot;:0}\" data-widget_type=\"text-editor.default\">\n\t\t\t\t\t\t\t\t\t<p>\u00a0<\/p><p style=\"text-align: right;\"><span style=\"font-size: 24pt;\">MISSION CONTROL ROOM<\/span><\/p><p style=\"text-align: right;\">La salle de contr\u00f4le de l\u2019agence spatiale Roscosmic<\/p><p style=\"text-align: right;\"><span style=\"font-family: AVARA BLACK, Helvetica, sans-serif;\">[2025]<\/span><\/p><p style=\"text-align: right;\"><span style=\"font-family: karrik, Helvetica, sans-serif;\">Structure en acier, \u00e9crans, projecteurs, vid\u00e9os, mat\u00e9riaux divers<\/span><br \/><span style=\"font-family: karrik, Helvetica, sans-serif;\">Trois modules de 150cm x 250cm x 170cm<\/span><br \/><span style=\"font-family: karrik, Helvetica, sans-serif;\">Soutenu par la F\u00e9d\u00e9ration Wallonie-Bruxelles et KIKK asbl<\/span><\/p><p style=\"text-align: right;\"><span style=\"font-family: avara black, Helvetica, sans-serif; font-size: 10pt;\">Cette installation pr\u00e9sente <span style=\"color: #ffffff;\"><a style=\"color: #ffffff; text-decoration: underline;\" href=\"https:\/\/roscosmic.com\/index.php\/tv\/\">Roscosmic <\/a><\/span><span style=\"text-decoration: underline; color: #ffffff;\"><a style=\"color: #ffffff; text-decoration: underline;\" href=\"https:\/\/roscosmic.com\/index.php\/tv\/\">tv<\/a><\/span>&#8211; le m\u00e9dia t\u00e9l\u00e9visuel de l\u2019agence spatiale &#8211; et les vid\u00e9os <span style=\"color: #ffffff;\"><a style=\"color: #ffffff;\" href=\"https:\/\/roscosmic.com\/index.php\/barbarella\/\">Barbarella<\/a><\/span>, <span style=\"color: #ffffff;\"><a style=\"color: #ffffff;\" href=\"https:\/\/roscosmic.com\/index.php\/lunchtime-dialogue\/\">Lunchtime Dialogue<\/a><\/span>,<span style=\"color: #ffffff;\"><a style=\"color: #ffffff;\" href=\"https:\/\/roscosmic.com\/index.php\/meteolunaire\/\"> M\u00e9t\u00e9o Lunaire<\/a><\/span>, <span style=\"color: #ffffff;\"><a style=\"color: #ffffff;\" href=\"https:\/\/roscosmic.com\/index.php\/meteo-orbitale\/\">M\u00e9t\u00e9o Orbitale<\/a><\/span> et la s\u00e9rie des publicit\u00e9s<\/span><\/p><p style=\"text-align: right;\">\u00a0<\/p>\t\t\t\t\t\t\t\t<\/div>\n\t\t\t\t<\/div>\n\t\t<div class=\"elementor-element elementor-element-45213b4 e-con-full e-flex e-con e-child\" data-id=\"45213b4\" data-element_type=\"container\">\n\t\t\t\t<div class=\"elementor-element elementor-element-8f8d752 elementor-widget elementor-widget-image\" data-id=\"8f8d752\" data-element_type=\"widget\" data-widget_type=\"image.default\">\n\t\t\t\t\t\t\t\t\t\t\t\t\t\t\t<img fetchpriority=\"high\" decoding=\"async\" width=\"683\" height=\"1024\" src=\"https:\/\/roscosmic.com\/wp-content\/uploads\/2023\/11\/DSC_0050-3-683x1024.jpg\" class=\"attachment-large size-large wp-image-758\" alt=\"\" srcset=\"https:\/\/roscosmic.com\/wp-content\/uploads\/2023\/11\/DSC_0050-3-683x1024.jpg 683w, https:\/\/roscosmic.com\/wp-content\/uploads\/2023\/11\/DSC_0050-3-200x300.jpg 200w, https:\/\/roscosmic.com\/wp-content\/uploads\/2023\/11\/DSC_0050-3-768x1152.jpg 768w, https:\/\/roscosmic.com\/wp-content\/uploads\/2023\/11\/DSC_0050-3-1024x1536.jpg 1024w, https:\/\/roscosmic.com\/wp-content\/uploads\/2023\/11\/DSC_0050-3-1365x2048.jpg 1365w, https:\/\/roscosmic.com\/wp-content\/uploads\/2023\/11\/DSC_0050-3-scaled.jpg 1707w\" sizes=\"(max-width: 683px) 100vw, 683px\" \/>\t\t\t\t\t\t\t\t\t\t\t\t\t\t\t<\/div>\n\t\t\t\t<div class=\"elementor-element elementor-element-94094c4 e-transform elementor-widget elementor-widget-image\" data-id=\"94094c4\" data-element_type=\"widget\" data-settings=\"{&quot;_transform_translateY_effect&quot;:{&quot;unit&quot;:&quot;px&quot;,&quot;size&quot;:-23,&quot;sizes&quot;:[]},&quot;_transform_translateX_effect&quot;:{&quot;unit&quot;:&quot;px&quot;,&quot;size&quot;:&quot;&quot;,&quot;sizes&quot;:[]},&quot;_transform_translateX_effect_tablet&quot;:{&quot;unit&quot;:&quot;px&quot;,&quot;size&quot;:&quot;&quot;,&quot;sizes&quot;:[]},&quot;_transform_translateX_effect_mobile&quot;:{&quot;unit&quot;:&quot;px&quot;,&quot;size&quot;:&quot;&quot;,&quot;sizes&quot;:[]},&quot;_transform_translateY_effect_tablet&quot;:{&quot;unit&quot;:&quot;px&quot;,&quot;size&quot;:&quot;&quot;,&quot;sizes&quot;:[]},&quot;_transform_translateY_effect_mobile&quot;:{&quot;unit&quot;:&quot;px&quot;,&quot;size&quot;:&quot;&quot;,&quot;sizes&quot;:[]}}\" data-widget_type=\"image.default\">\n\t\t\t\t\t\t\t\t\t\t\t\t\t\t\t<img decoding=\"async\" width=\"1024\" height=\"681\" src=\"https:\/\/roscosmic.com\/wp-content\/uploads\/2023\/09\/DSC_0051-2-1024x681.jpg\" class=\"attachment-large size-large wp-image-547\" alt=\"\" srcset=\"https:\/\/roscosmic.com\/wp-content\/uploads\/2023\/09\/DSC_0051-2-1024x681.jpg 1024w, https:\/\/roscosmic.com\/wp-content\/uploads\/2023\/09\/DSC_0051-2-300x199.jpg 300w, https:\/\/roscosmic.com\/wp-content\/uploads\/2023\/09\/DSC_0051-2-768x511.jpg 768w, https:\/\/roscosmic.com\/wp-content\/uploads\/2023\/09\/DSC_0051-2-1536x1021.jpg 1536w, https:\/\/roscosmic.com\/wp-content\/uploads\/2023\/09\/DSC_0051-2-2048x1362.jpg 2048w\" sizes=\"(max-width: 1024px) 100vw, 1024px\" \/>\t\t\t\t\t\t\t\t\t\t\t\t\t\t\t<\/div>\n\t\t\t\t<\/div>\n\t\t\t\t\t<\/div>\n\t\t\t\t<\/div>\n\t\t\t\t<\/div>\n\t\t\n    <div class=\"xs_social_share_widget xs_share_url after_content \t\tmain_content  wslu-style-1 wslu-share-box-shaped wslu-fill-colored wslu-none wslu-share-horizontal wslu-theme-font-no wslu-main_content\">\n\n\t\t\n        <ul>\n\t\t\t        <\/ul>\n    <\/div> \n","protected":false},"excerpt":{"rendered":"<p>\u00a0 MISSION CONTROL ROOM La salle de contr\u00f4le de l\u2019agence spatiale Roscosmic [2025] Structure en acier, \u00e9crans, projecteurs, vid\u00e9os, mat\u00e9riaux diversTrois modules de 150cm x 250cm x 170cmSoutenu par la F\u00e9d\u00e9ration Wallonie-Bruxelles et KIKK asbl Cette installation pr\u00e9sente Roscosmic tv&#8211; le m\u00e9dia t\u00e9l\u00e9visuel de l\u2019agence spatiale &#8211; et les vid\u00e9os Barbarella, Lunchtime Dialogue, M\u00e9t\u00e9o Lunaire, [&hellip;]<\/p>\n","protected":false},"author":1,"featured_media":0,"parent":0,"menu_order":0,"comment_status":"closed","ping_status":"closed","template":"elementor_header_footer","meta":{"postBodyCss":"","postBodyMargin":[],"postBodyPadding":[],"postBodyBackground":{"backgroundType":"classic","gradient":""},"ngg_post_thumbnail":0,"footnotes":""},"class_list":["post-1659","page","type-page","status-publish","hentry"],"_links":{"self":[{"href":"https:\/\/roscosmic.com\/index.php\/wp-json\/wp\/v2\/pages\/1659","targetHints":{"allow":["GET"]}}],"collection":[{"href":"https:\/\/roscosmic.com\/index.php\/wp-json\/wp\/v2\/pages"}],"about":[{"href":"https:\/\/roscosmic.com\/index.php\/wp-json\/wp\/v2\/types\/page"}],"author":[{"embeddable":true,"href":"https:\/\/roscosmic.com\/index.php\/wp-json\/wp\/v2\/users\/1"}],"replies":[{"embeddable":true,"href":"https:\/\/roscosmic.com\/index.php\/wp-json\/wp\/v2\/comments?post=1659"}],"version-history":[{"count":19,"href":"https:\/\/roscosmic.com\/index.php\/wp-json\/wp\/v2\/pages\/1659\/revisions"}],"predecessor-version":[{"id":1896,"href":"https:\/\/roscosmic.com\/index.php\/wp-json\/wp\/v2\/pages\/1659\/revisions\/1896"}],"wp:attachment":[{"href":"https:\/\/roscosmic.com\/index.php\/wp-json\/wp\/v2\/media?parent=1659"}],"curies":[{"name":"wp","href":"https:\/\/api.w.org\/{rel}","templated":true}]}}