{"id":1638,"date":"2025-08-27T12:33:13","date_gmt":"2025-08-27T10:33:13","guid":{"rendered":"https:\/\/roscosmic.com\/?page_id=1638"},"modified":"2025-09-18T18:34:23","modified_gmt":"2025-09-18T16:34:23","slug":"meteolunaire","status":"publish","type":"page","link":"https:\/\/roscosmic.com\/index.php\/meteolunaire\/","title":{"rendered":"m\u00e9t\u00e9olunaire"},"content":{"rendered":"\t\t<div data-elementor-type=\"wp-page\" data-elementor-id=\"1638\" class=\"elementor elementor-1638\" data-elementor-post-type=\"page\">\n\t\t\t\t<div class=\"elementor-element elementor-element-de1c35b e-grid e-con-boxed e-con e-parent\" data-id=\"de1c35b\" data-element_type=\"container\">\n\t\t\t\t\t<div class=\"e-con-inner\">\n\t\t\t\t<div class=\"elementor-element elementor-element-6f80daa elementor-widget elementor-widget-spacer\" data-id=\"6f80daa\" data-element_type=\"widget\" data-widget_type=\"spacer.default\">\n\t\t\t\t\t\t\t<div class=\"elementor-spacer\">\n\t\t\t<div class=\"elementor-spacer-inner\"><\/div>\n\t\t<\/div>\n\t\t\t\t\t\t<\/div>\n\t\t\t\t\t<\/div>\n\t\t\t\t<\/div>\n\t\t<div class=\"elementor-element elementor-element-d240306 e-flex e-con-boxed e-con e-parent\" data-id=\"d240306\" data-element_type=\"container\">\n\t\t\t\t\t<div class=\"e-con-inner\">\n\t\t<div class=\"elementor-element elementor-element-2702b5a e-con-full e-flex e-con e-child\" data-id=\"2702b5a\" data-element_type=\"container\">\n\t\t\t\t<div class=\"elementor-element elementor-element-3682c1d elementor-widget elementor-widget-text-editor\" data-id=\"3682c1d\" data-element_type=\"widget\" data-settings=\"{&quot;sticky&quot;:&quot;top&quot;,&quot;sticky_on&quot;:[&quot;desktop&quot;],&quot;sticky_offset&quot;:0,&quot;sticky_effects_offset&quot;:0,&quot;sticky_anchor_link_offset&quot;:0}\" data-widget_type=\"text-editor.default\">\n\t\t\t\t\t\t\t\t\t<p>\u00a0<\/p><p style=\"text-align: right;\"><span style=\"font-size: 24pt;\">M\u00c9T\u00c9O LUNAIRE\u00a0<\/span><\/p><p style=\"text-align: right;\">Votre m\u00e9t\u00e9o spatiale journali\u00e8re en direct sur roscosmic tv\u00a0<\/p><p style=\"text-align: right;\"><span style=\"font-family: avara black, Helvetica, sans-serif;\">[2025]<\/span><\/p><p style=\"text-align: right;\"><span style=\"font-family: karrik, Helvetica, sans-serif;\">\u00a05min, fran\u00e7ais &amp; anglais, intelligence artificielle<\/span><\/p><p style=\"text-align: right;\"><span style=\"font-family: avara black, Helvetica, sans-serif; font-size: 10pt;\">Cette vid\u00e9o fait partie de l\u2019installation Mission Control Room et Roscosmic tv<\/span><\/p><p style=\"text-align: right;\">\u00a0<\/p>\t\t\t\t\t\t\t\t<\/div>\n\t\t\t\t<\/div>\n\t\t<div class=\"elementor-element elementor-element-8d70886 e-con-full e-flex e-con e-child\" data-id=\"8d70886\" data-element_type=\"container\">\n\t\t\t\t<div class=\"elementor-element elementor-element-dfbe1ec elementor-widget elementor-widget-image\" data-id=\"dfbe1ec\" data-element_type=\"widget\" data-widget_type=\"image.default\">\n\t\t\t\t\t\t\t\t\t\t\t\t\t\t\t<img fetchpriority=\"high\" decoding=\"async\" width=\"1024\" height=\"576\" src=\"https:\/\/roscosmic.com\/wp-content\/uploads\/2025\/08\/Sequence-01.00_01_29_46.Still030-1024x576.jpg\" class=\"attachment-large size-large wp-image-660\" alt=\"\" srcset=\"https:\/\/roscosmic.com\/wp-content\/uploads\/2025\/08\/Sequence-01.00_01_29_46.Still030-1024x576.jpg 1024w, https:\/\/roscosmic.com\/wp-content\/uploads\/2025\/08\/Sequence-01.00_01_29_46.Still030-300x169.jpg 300w, https:\/\/roscosmic.com\/wp-content\/uploads\/2025\/08\/Sequence-01.00_01_29_46.Still030-768x432.jpg 768w, https:\/\/roscosmic.com\/wp-content\/uploads\/2025\/08\/Sequence-01.00_01_29_46.Still030-1536x864.jpg 1536w, https:\/\/roscosmic.com\/wp-content\/uploads\/2025\/08\/Sequence-01.00_01_29_46.Still030.jpg 1920w\" sizes=\"(max-width: 1024px) 100vw, 1024px\" \/>\t\t\t\t\t\t\t\t\t\t\t\t\t\t\t<\/div>\n\t\t\t\t<div class=\"elementor-element elementor-element-0d69eb1 elementor-widget elementor-widget-image\" data-id=\"0d69eb1\" data-element_type=\"widget\" data-widget_type=\"image.default\">\n\t\t\t\t\t\t\t\t\t\t\t\t\t\t\t<img decoding=\"async\" width=\"1024\" height=\"576\" src=\"https:\/\/roscosmic.com\/wp-content\/uploads\/2025\/08\/Sequence-01.00_00_24_23.Still035-1024x576.jpg\" class=\"attachment-large size-large wp-image-658\" alt=\"\" srcset=\"https:\/\/roscosmic.com\/wp-content\/uploads\/2025\/08\/Sequence-01.00_00_24_23.Still035-1024x576.jpg 1024w, https:\/\/roscosmic.com\/wp-content\/uploads\/2025\/08\/Sequence-01.00_00_24_23.Still035-300x169.jpg 300w, https:\/\/roscosmic.com\/wp-content\/uploads\/2025\/08\/Sequence-01.00_00_24_23.Still035-768x432.jpg 768w, https:\/\/roscosmic.com\/wp-content\/uploads\/2025\/08\/Sequence-01.00_00_24_23.Still035-1536x864.jpg 1536w, https:\/\/roscosmic.com\/wp-content\/uploads\/2025\/08\/Sequence-01.00_00_24_23.Still035.jpg 1920w\" sizes=\"(max-width: 1024px) 100vw, 1024px\" \/>\t\t\t\t\t\t\t\t\t\t\t\t\t\t\t<\/div>\n\t\t\t\t<div class=\"elementor-element elementor-element-15dda42 elementor-widget elementor-widget-image\" data-id=\"15dda42\" data-element_type=\"widget\" data-widget_type=\"image.default\">\n\t\t\t\t\t\t\t\t\t\t\t\t\t\t\t<img decoding=\"async\" width=\"1024\" height=\"576\" src=\"https:\/\/roscosmic.com\/wp-content\/uploads\/2025\/08\/Sequence-01.00_01_55_33.Still027-1024x576.jpg\" class=\"attachment-large size-large wp-image-663\" alt=\"\" srcset=\"https:\/\/roscosmic.com\/wp-content\/uploads\/2025\/08\/Sequence-01.00_01_55_33.Still027-1024x576.jpg 1024w, https:\/\/roscosmic.com\/wp-content\/uploads\/2025\/08\/Sequence-01.00_01_55_33.Still027-300x169.jpg 300w, https:\/\/roscosmic.com\/wp-content\/uploads\/2025\/08\/Sequence-01.00_01_55_33.Still027-768x432.jpg 768w, https:\/\/roscosmic.com\/wp-content\/uploads\/2025\/08\/Sequence-01.00_01_55_33.Still027-1536x864.jpg 1536w, https:\/\/roscosmic.com\/wp-content\/uploads\/2025\/08\/Sequence-01.00_01_55_33.Still027.jpg 1920w\" sizes=\"(max-width: 1024px) 100vw, 1024px\" \/>\t\t\t\t\t\t\t\t\t\t\t\t\t\t\t<\/div>\n\t\t\t\t<\/div>\n\t\t\t\t\t<\/div>\n\t\t\t\t<\/div>\n\t\t<div class=\"elementor-element elementor-element-814880d e-grid e-con-boxed e-con e-parent\" data-id=\"814880d\" data-element_type=\"container\">\n\t\t\t\t\t<div class=\"e-con-inner\">\n\t\t\t\t\t<\/div>\n\t\t\t\t<\/div>\n\t\t\t\t<\/div>\n\t\t\n    <div class=\"xs_social_share_widget xs_share_url after_content \t\tmain_content  wslu-style-1 wslu-share-box-shaped wslu-fill-colored wslu-none wslu-share-horizontal wslu-theme-font-no wslu-main_content\">\n\n\t\t\n        <ul>\n\t\t\t        <\/ul>\n    <\/div> \n","protected":false},"excerpt":{"rendered":"<p>\u00a0 M\u00c9T\u00c9O LUNAIRE\u00a0 Votre m\u00e9t\u00e9o spatiale journali\u00e8re en direct sur roscosmic tv\u00a0 [2025] \u00a05min, fran\u00e7ais &amp; anglais, intelligence artificielle Cette vid\u00e9o fait partie de l\u2019installation Mission Control Room et Roscosmic tv \u00a0<\/p>\n","protected":false},"author":1,"featured_media":0,"parent":0,"menu_order":0,"comment_status":"closed","ping_status":"closed","template":"elementor_header_footer","meta":{"postBodyCss":"","postBodyMargin":[],"postBodyPadding":[],"postBodyBackground":{"backgroundType":"classic","gradient":""},"ngg_post_thumbnail":0,"footnotes":""},"class_list":["post-1638","page","type-page","status-publish","hentry"],"_links":{"self":[{"href":"https:\/\/roscosmic.com\/index.php\/wp-json\/wp\/v2\/pages\/1638","targetHints":{"allow":["GET"]}}],"collection":[{"href":"https:\/\/roscosmic.com\/index.php\/wp-json\/wp\/v2\/pages"}],"about":[{"href":"https:\/\/roscosmic.com\/index.php\/wp-json\/wp\/v2\/types\/page"}],"author":[{"embeddable":true,"href":"https:\/\/roscosmic.com\/index.php\/wp-json\/wp\/v2\/users\/1"}],"replies":[{"embeddable":true,"href":"https:\/\/roscosmic.com\/index.php\/wp-json\/wp\/v2\/comments?post=1638"}],"version-history":[{"count":25,"href":"https:\/\/roscosmic.com\/index.php\/wp-json\/wp\/v2\/pages\/1638\/revisions"}],"predecessor-version":[{"id":2006,"href":"https:\/\/roscosmic.com\/index.php\/wp-json\/wp\/v2\/pages\/1638\/revisions\/2006"}],"wp:attachment":[{"href":"https:\/\/roscosmic.com\/index.php\/wp-json\/wp\/v2\/media?parent=1638"}],"curies":[{"name":"wp","href":"https:\/\/api.w.org\/{rel}","templated":true}]}}