{"id":1576,"date":"2025-08-26T17:36:57","date_gmt":"2025-08-26T15:36:57","guid":{"rendered":"https:\/\/roscosmic.com\/?page_id=1576"},"modified":"2025-08-28T09:30:37","modified_gmt":"2025-08-28T07:30:37","slug":"barbarella","status":"publish","type":"page","link":"https:\/\/roscosmic.com\/index.php\/barbarella\/","title":{"rendered":"barbarella"},"content":{"rendered":"\t\t<div data-elementor-type=\"wp-page\" data-elementor-id=\"1576\" class=\"elementor elementor-1576\" data-elementor-post-type=\"page\">\n\t\t\t\t<div class=\"elementor-element elementor-element-1f571e5 e-flex e-con-boxed e-con e-parent\" data-id=\"1f571e5\" data-element_type=\"container\">\n\t\t\t\t\t<div class=\"e-con-inner\">\n\t\t\t\t<div class=\"elementor-element elementor-element-3f7276e elementor-widget elementor-widget-spacer\" data-id=\"3f7276e\" data-element_type=\"widget\" data-widget_type=\"spacer.default\">\n\t\t\t\t\t\t\t<div class=\"elementor-spacer\">\n\t\t\t<div class=\"elementor-spacer-inner\"><\/div>\n\t\t<\/div>\n\t\t\t\t\t\t<\/div>\n\t\t\t\t\t<\/div>\n\t\t\t\t<\/div>\n\t\t<div class=\"elementor-element elementor-element-1a03c40 e-flex e-con-boxed e-con e-parent\" data-id=\"1a03c40\" data-element_type=\"container\">\n\t\t\t\t\t<div class=\"e-con-inner\">\n\t\t<div class=\"elementor-element elementor-element-c101e20 e-con-full e-flex e-con e-child\" data-id=\"c101e20\" data-element_type=\"container\">\n\t\t\t\t<div class=\"elementor-element elementor-element-e695c63 elementor-widget elementor-widget-text-editor\" data-id=\"e695c63\" data-element_type=\"widget\" data-settings=\"{&quot;sticky&quot;:&quot;top&quot;,&quot;sticky_on&quot;:[&quot;desktop&quot;],&quot;sticky_offset&quot;:0,&quot;sticky_effects_offset&quot;:0,&quot;sticky_anchor_link_offset&quot;:0}\" data-widget_type=\"text-editor.default\">\n\t\t\t\t\t\t\t\t\t<p>\u00a0<\/p><p style=\"text-align: right;\"><span style=\"font-size: 24pt;\">BARBARELLA<\/span><br \/>Une exp\u00e9rience en z\u00e9ro gravit\u00e9<\/p><p style=\"text-align: right;\"><span style=\"font-family: avara black;\">[2025]<\/span><\/p><p style=\"text-align: right;\"><span style=\"font-family: karrik;\">vid\u00e9o, 3min, AI (deep fake)<\/span><br \/><span style=\"font-family: karrik;\"><a href=\"https:\/\/vimeo.com\/1075946208?share=copy\"><span style=\"text-decoration: underline;\"><span style=\"color: #ffffff; text-decoration: underline;\"><span style=\"font-family: karrik, karrik, Helvetica, sans-serif;\">lien vid\u00e9o<\/span><\/span><\/span><\/a><\/span><\/p><p style=\"text-align: right;\"><em><span style=\"font-family: avara black; font-size: 10pt;\">Cette vid\u00e9o fait partie de l&rsquo;installation Mission Control Room et Roscosmic tv<\/span><\/em><\/p>\t\t\t\t\t\t\t\t<\/div>\n\t\t\t\t<\/div>\n\t\t<div class=\"elementor-element elementor-element-a74f844 e-con-full e-flex e-con e-child\" data-id=\"a74f844\" data-element_type=\"container\">\n\t\t\t\t<div class=\"elementor-element elementor-element-dab9355 elementor-widget elementor-widget-image\" data-id=\"dab9355\" data-element_type=\"widget\" data-widget_type=\"image.default\">\n\t\t\t\t\t\t\t\t\t\t\t\t\t\t\t<img fetchpriority=\"high\" decoding=\"async\" width=\"699\" height=\"1024\" src=\"https:\/\/roscosmic.com\/wp-content\/uploads\/2025\/08\/affiche-barabrella-699x1024.png\" class=\"attachment-large size-large wp-image-1312\" alt=\"\" srcset=\"https:\/\/roscosmic.com\/wp-content\/uploads\/2025\/08\/affiche-barabrella-699x1024.png 699w, https:\/\/roscosmic.com\/wp-content\/uploads\/2025\/08\/affiche-barabrella-205x300.png 205w, https:\/\/roscosmic.com\/wp-content\/uploads\/2025\/08\/affiche-barabrella-768x1124.png 768w, https:\/\/roscosmic.com\/wp-content\/uploads\/2025\/08\/affiche-barabrella-1049x1536.png 1049w, https:\/\/roscosmic.com\/wp-content\/uploads\/2025\/08\/affiche-barabrella.png 1097w\" sizes=\"(max-width: 699px) 100vw, 699px\" \/>\t\t\t\t\t\t\t\t\t\t\t\t\t\t\t<\/div>\n\t\t\t\t<div class=\"elementor-element elementor-element-62f39b1 elementor-widget elementor-widget-image\" data-id=\"62f39b1\" data-element_type=\"widget\" data-widget_type=\"image.default\">\n\t\t\t\t\t\t\t\t\t\t\t\t\t\t\t<img decoding=\"async\" width=\"1024\" height=\"576\" src=\"https:\/\/roscosmic.com\/wp-content\/uploads\/2025\/08\/the-weightless-experience_GtVsnJmp-1024x576.png\" class=\"attachment-large size-large wp-image-653\" alt=\"\" srcset=\"https:\/\/roscosmic.com\/wp-content\/uploads\/2025\/08\/the-weightless-experience_GtVsnJmp-1024x576.png 1024w, https:\/\/roscosmic.com\/wp-content\/uploads\/2025\/08\/the-weightless-experience_GtVsnJmp-300x169.png 300w, https:\/\/roscosmic.com\/wp-content\/uploads\/2025\/08\/the-weightless-experience_GtVsnJmp-768x432.png 768w, https:\/\/roscosmic.com\/wp-content\/uploads\/2025\/08\/the-weightless-experience_GtVsnJmp-1536x864.png 1536w, https:\/\/roscosmic.com\/wp-content\/uploads\/2025\/08\/the-weightless-experience_GtVsnJmp.png 1920w\" sizes=\"(max-width: 1024px) 100vw, 1024px\" \/>\t\t\t\t\t\t\t\t\t\t\t\t\t\t\t<\/div>\n\t\t\t\t<div class=\"elementor-element elementor-element-869743e elementor-widget elementor-widget-image\" data-id=\"869743e\" data-element_type=\"widget\" data-widget_type=\"image.default\">\n\t\t\t\t\t\t\t\t\t\t\t\t\t\t\t<img decoding=\"async\" width=\"1024\" height=\"576\" src=\"https:\/\/roscosmic.com\/wp-content\/uploads\/2025\/08\/photo3-1024x576.png\" class=\"attachment-large size-large wp-image-655\" alt=\"\" srcset=\"https:\/\/roscosmic.com\/wp-content\/uploads\/2025\/08\/photo3-1024x576.png 1024w, https:\/\/roscosmic.com\/wp-content\/uploads\/2025\/08\/photo3-300x169.png 300w, https:\/\/roscosmic.com\/wp-content\/uploads\/2025\/08\/photo3-768x432.png 768w, https:\/\/roscosmic.com\/wp-content\/uploads\/2025\/08\/photo3-1536x864.png 1536w, https:\/\/roscosmic.com\/wp-content\/uploads\/2025\/08\/photo3.png 1920w\" sizes=\"(max-width: 1024px) 100vw, 1024px\" \/>\t\t\t\t\t\t\t\t\t\t\t\t\t\t\t<\/div>\n\t\t\t\t<div class=\"elementor-element elementor-element-5e7a995 elementor-widget elementor-widget-image\" data-id=\"5e7a995\" data-element_type=\"widget\" data-widget_type=\"image.default\">\n\t\t\t\t\t\t\t\t\t\t\t\t\t\t\t<img loading=\"lazy\" decoding=\"async\" width=\"1024\" height=\"576\" src=\"https:\/\/roscosmic.com\/wp-content\/uploads\/2025\/08\/photo-1.Still004-1024x576.png\" class=\"attachment-large size-large wp-image-654\" alt=\"blablabla\" srcset=\"https:\/\/roscosmic.com\/wp-content\/uploads\/2025\/08\/photo-1.Still004-1024x576.png 1024w, https:\/\/roscosmic.com\/wp-content\/uploads\/2025\/08\/photo-1.Still004-300x169.png 300w, https:\/\/roscosmic.com\/wp-content\/uploads\/2025\/08\/photo-1.Still004-768x432.png 768w, https:\/\/roscosmic.com\/wp-content\/uploads\/2025\/08\/photo-1.Still004-1536x864.png 1536w, https:\/\/roscosmic.com\/wp-content\/uploads\/2025\/08\/photo-1.Still004.png 1920w\" sizes=\"(max-width: 1024px) 100vw, 1024px\" \/>\t\t\t\t\t\t\t\t\t\t\t\t\t\t\t<\/div>\n\t\t\t\t<\/div>\n\t\t\t\t\t<\/div>\n\t\t\t\t<\/div>\n\t\t<div class=\"elementor-element elementor-element-3401ee1 e-flex e-con-boxed e-con e-parent\" data-id=\"3401ee1\" data-element_type=\"container\">\n\t\t\t\t\t<div class=\"e-con-inner\">\n\t\t<div class=\"elementor-element elementor-element-e14f0de e-con-full e-flex e-con e-child\" data-id=\"e14f0de\" data-element_type=\"container\">\n\t\t\t\t<\/div>\n\t\t<div class=\"elementor-element elementor-element-dac2b57 e-con-full e-flex e-con e-child\" data-id=\"dac2b57\" data-element_type=\"container\">\n\t\t\t\t<\/div>\n\t\t\t\t\t<\/div>\n\t\t\t\t<\/div>\n\t\t\t\t<\/div>\n\t\t\n    <div class=\"xs_social_share_widget xs_share_url after_content \t\tmain_content  wslu-style-1 wslu-share-box-shaped wslu-fill-colored wslu-none wslu-share-horizontal wslu-theme-font-no wslu-main_content\">\n\n\t\t\n        <ul>\n\t\t\t        <\/ul>\n    <\/div> \n","protected":false},"excerpt":{"rendered":"<p>\u00a0 BARBARELLAUne exp\u00e9rience en z\u00e9ro gravit\u00e9 [2025] vid\u00e9o, 3min, AI (deep fake)lien vid\u00e9o Cette vid\u00e9o fait partie de l&rsquo;installation Mission Control Room et Roscosmic tv<\/p>\n","protected":false},"author":1,"featured_media":0,"parent":0,"menu_order":0,"comment_status":"closed","ping_status":"closed","template":"elementor_header_footer","meta":{"postBodyCss":"","postBodyMargin":[],"postBodyPadding":[],"postBodyBackground":{"backgroundType":"classic","gradient":""},"ngg_post_thumbnail":0,"footnotes":""},"class_list":["post-1576","page","type-page","status-publish","hentry"],"_links":{"self":[{"href":"https:\/\/roscosmic.com\/index.php\/wp-json\/wp\/v2\/pages\/1576","targetHints":{"allow":["GET"]}}],"collection":[{"href":"https:\/\/roscosmic.com\/index.php\/wp-json\/wp\/v2\/pages"}],"about":[{"href":"https:\/\/roscosmic.com\/index.php\/wp-json\/wp\/v2\/types\/page"}],"author":[{"embeddable":true,"href":"https:\/\/roscosmic.com\/index.php\/wp-json\/wp\/v2\/users\/1"}],"replies":[{"embeddable":true,"href":"https:\/\/roscosmic.com\/index.php\/wp-json\/wp\/v2\/comments?post=1576"}],"version-history":[{"count":34,"href":"https:\/\/roscosmic.com\/index.php\/wp-json\/wp\/v2\/pages\/1576\/revisions"}],"predecessor-version":[{"id":1890,"href":"https:\/\/roscosmic.com\/index.php\/wp-json\/wp\/v2\/pages\/1576\/revisions\/1890"}],"wp:attachment":[{"href":"https:\/\/roscosmic.com\/index.php\/wp-json\/wp\/v2\/media?parent=1576"}],"curies":[{"name":"wp","href":"https:\/\/api.w.org\/{rel}","templated":true}]}}