{"id":157,"date":"2023-11-09T10:43:16","date_gmt":"2023-11-09T09:43:16","guid":{"rendered":"https:\/\/roscosmic.com\/?page_id=157"},"modified":"2025-08-28T09:33:35","modified_gmt":"2025-08-28T07:33:35","slug":"tv","status":"publish","type":"page","link":"https:\/\/roscosmic.com\/index.php\/tv\/","title":{"rendered":"tv"},"content":{"rendered":"\t\t<div data-elementor-type=\"wp-page\" data-elementor-id=\"157\" class=\"elementor elementor-157\" data-elementor-post-type=\"page\">\n\t\t\t\t<div class=\"elementor-element elementor-element-5741fa4 e-grid e-con-boxed e-con e-parent\" data-id=\"5741fa4\" data-element_type=\"container\">\n\t\t\t\t\t<div class=\"e-con-inner\">\n\t\t\t\t<div class=\"elementor-element elementor-element-ee01503 elementor-widget elementor-widget-spacer\" data-id=\"ee01503\" data-element_type=\"widget\" data-widget_type=\"spacer.default\">\n\t\t\t\t\t\t\t<div class=\"elementor-spacer\">\n\t\t\t<div class=\"elementor-spacer-inner\"><\/div>\n\t\t<\/div>\n\t\t\t\t\t\t<\/div>\n\t\t\t\t\t<\/div>\n\t\t\t\t<\/div>\n\t\t<div class=\"elementor-element elementor-element-78e2f22 e-flex e-con-boxed e-con e-parent\" data-id=\"78e2f22\" data-element_type=\"container\">\n\t\t\t\t\t<div class=\"e-con-inner\">\n\t\t<div class=\"elementor-element elementor-element-800d44b e-con-full e-flex e-con e-child\" data-id=\"800d44b\" data-element_type=\"container\">\n\t\t\t\t<div class=\"elementor-element elementor-element-0cd0f92 elementor-widget elementor-widget-text-editor\" data-id=\"0cd0f92\" data-element_type=\"widget\" data-settings=\"{&quot;sticky&quot;:&quot;top&quot;,&quot;sticky_on&quot;:[&quot;desktop&quot;],&quot;sticky_offset&quot;:0,&quot;sticky_effects_offset&quot;:0,&quot;sticky_anchor_link_offset&quot;:0}\" data-widget_type=\"text-editor.default\">\n\t\t\t\t\t\t\t\t\t<p>\u00a0<\/p><p style=\"text-align: right;\"><span style=\"font-size: 24pt;\">ROSCOSMIC TV<\/span><\/p><p style=\"text-align: right;\">Le m\u00e9dia t\u00e9l\u00e9visuel de l\u2019agence spatiale Roscosmic<\/p><p style=\"text-align: right;\"><span style=\"font-family: avara black, Helvetica, sans-serif;\">[2024 &#8211; en cours]<\/span><\/p><p style=\"text-align: right;\"><span style=\"font-family: karrik, Helvetica, sans-serif;\">24h de vid\u00e9o<\/span><\/p><p>\u00a0<\/p><p style=\"text-align: right;\"><span style=\"font-size: 10pt;\"><span style=\"font-family: avara black, Helvetica, sans-serif;\">Cette boucle vid\u00e9o est pr\u00e9sent\u00e9e dans l&rsquo;installation <span style=\"text-decoration: underline; color: #ffffff;\"><a style=\"color: #ffffff; text-decoration: underline;\" href=\"https:\/\/roscosmic.com\/index.php\/mission-control-room\/\">Mission Control Room<\/a> <\/span>et est compos\u00e9e des vid\u00e9os<\/span> <span style=\"text-decoration: underline;\"><span style=\"color: #ffffff; text-decoration: underline;\"><a style=\"color: #ffffff; text-decoration: underline;\" href=\"https:\/\/roscosmic.com\/index.php\/barbarella\/\">Barbarella<\/a>, <a style=\"color: #ffffff; text-decoration: underline;\" href=\"https:\/\/roscosmic.com\/index.php\/lunchtime-dialogue\/\">Lunchtime Dialogue<\/a>,<a style=\"color: #ffffff; text-decoration: underline;\" href=\"https:\/\/roscosmic.com\/index.php\/meteolunaire\/\"> M\u00e9t\u00e9o Lunaire<\/a>, <a style=\"color: #ffffff; text-decoration: underline;\" href=\"https:\/\/roscosmic.com\/index.php\/meteo-orbitale\/\">M\u00e9t\u00e9o Orbitale<\/a><\/span><\/span>.<\/span><\/p>\t\t\t\t\t\t\t\t<\/div>\n\t\t\t\t<\/div>\n\t\t<div class=\"elementor-element elementor-element-f220898 e-con-full e-flex e-con e-child\" data-id=\"f220898\" data-element_type=\"container\">\n\t\t\t\t<div class=\"elementor-element elementor-element-50df9c0 elementor-widget elementor-widget-image\" data-id=\"50df9c0\" data-element_type=\"widget\" data-widget_type=\"image.default\">\n\t\t\t\t\t\t\t\t\t\t\t\t\t\t\t<img fetchpriority=\"high\" decoding=\"async\" width=\"1024\" height=\"686\" src=\"https:\/\/roscosmic.com\/wp-content\/uploads\/2025\/08\/Capture-decran-2025-01-25-a-16.40.00-copie-1024x686.png\" class=\"attachment-large size-large wp-image-1805\" alt=\"\" srcset=\"https:\/\/roscosmic.com\/wp-content\/uploads\/2025\/08\/Capture-decran-2025-01-25-a-16.40.00-copie-1024x686.png 1024w, https:\/\/roscosmic.com\/wp-content\/uploads\/2025\/08\/Capture-decran-2025-01-25-a-16.40.00-copie-300x201.png 300w, https:\/\/roscosmic.com\/wp-content\/uploads\/2025\/08\/Capture-decran-2025-01-25-a-16.40.00-copie-768x515.png 768w, https:\/\/roscosmic.com\/wp-content\/uploads\/2025\/08\/Capture-decran-2025-01-25-a-16.40.00-copie.png 1410w\" sizes=\"(max-width: 1024px) 100vw, 1024px\" \/>\t\t\t\t\t\t\t\t\t\t\t\t\t\t\t<\/div>\n\t\t\t\t<div class=\"elementor-element elementor-element-03efb45 elementor-widget elementor-widget-image\" data-id=\"03efb45\" data-element_type=\"widget\" data-widget_type=\"image.default\">\n\t\t\t\t\t\t\t\t\t\t\t\t\t\t\t<img decoding=\"async\" width=\"1024\" height=\"665\" src=\"https:\/\/roscosmic.com\/wp-content\/uploads\/2025\/08\/Capture-decran-2025-02-26-a-15.05.06-2-1024x665.png\" class=\"attachment-large size-large wp-image-1811\" alt=\"\" srcset=\"https:\/\/roscosmic.com\/wp-content\/uploads\/2025\/08\/Capture-decran-2025-02-26-a-15.05.06-2-1024x665.png 1024w, https:\/\/roscosmic.com\/wp-content\/uploads\/2025\/08\/Capture-decran-2025-02-26-a-15.05.06-2-300x195.png 300w, https:\/\/roscosmic.com\/wp-content\/uploads\/2025\/08\/Capture-decran-2025-02-26-a-15.05.06-2-768x499.png 768w, https:\/\/roscosmic.com\/wp-content\/uploads\/2025\/08\/Capture-decran-2025-02-26-a-15.05.06-2-1536x998.png 1536w, https:\/\/roscosmic.com\/wp-content\/uploads\/2025\/08\/Capture-decran-2025-02-26-a-15.05.06-2-2048x1330.png 2048w\" sizes=\"(max-width: 1024px) 100vw, 1024px\" \/>\t\t\t\t\t\t\t\t\t\t\t\t\t\t\t<\/div>\n\t\t\t\t<div class=\"elementor-element elementor-element-6a5c1f4 elementor-widget elementor-widget-image\" data-id=\"6a5c1f4\" data-element_type=\"widget\" data-widget_type=\"image.default\">\n\t\t\t\t\t\t\t\t\t\t\t\t\t\t\t<img decoding=\"async\" width=\"1024\" height=\"665\" src=\"https:\/\/roscosmic.com\/wp-content\/uploads\/2025\/08\/Capture-decran-2025-02-26-a-15.05.26-1024x665.png\" class=\"attachment-large size-large wp-image-1812\" alt=\"\" srcset=\"https:\/\/roscosmic.com\/wp-content\/uploads\/2025\/08\/Capture-decran-2025-02-26-a-15.05.26-1024x665.png 1024w, https:\/\/roscosmic.com\/wp-content\/uploads\/2025\/08\/Capture-decran-2025-02-26-a-15.05.26-300x195.png 300w, https:\/\/roscosmic.com\/wp-content\/uploads\/2025\/08\/Capture-decran-2025-02-26-a-15.05.26-768x499.png 768w, https:\/\/roscosmic.com\/wp-content\/uploads\/2025\/08\/Capture-decran-2025-02-26-a-15.05.26-1536x998.png 1536w, https:\/\/roscosmic.com\/wp-content\/uploads\/2025\/08\/Capture-decran-2025-02-26-a-15.05.26-2048x1330.png 2048w\" sizes=\"(max-width: 1024px) 100vw, 1024px\" \/>\t\t\t\t\t\t\t\t\t\t\t\t\t\t\t<\/div>\n\t\t\t\t<div class=\"elementor-element elementor-element-956ca13 elementor-widget elementor-widget-image\" data-id=\"956ca13\" data-element_type=\"widget\" data-widget_type=\"image.default\">\n\t\t\t\t\t\t\t\t\t\t\t\t\t\t\t<img loading=\"lazy\" decoding=\"async\" width=\"1024\" height=\"665\" src=\"https:\/\/roscosmic.com\/wp-content\/uploads\/2025\/08\/Capture-decran-2025-02-26-a-15.05.42-1-1024x665.png\" class=\"attachment-large size-large wp-image-1813\" alt=\"\" srcset=\"https:\/\/roscosmic.com\/wp-content\/uploads\/2025\/08\/Capture-decran-2025-02-26-a-15.05.42-1-1024x665.png 1024w, https:\/\/roscosmic.com\/wp-content\/uploads\/2025\/08\/Capture-decran-2025-02-26-a-15.05.42-1-300x195.png 300w, https:\/\/roscosmic.com\/wp-content\/uploads\/2025\/08\/Capture-decran-2025-02-26-a-15.05.42-1-768x499.png 768w, https:\/\/roscosmic.com\/wp-content\/uploads\/2025\/08\/Capture-decran-2025-02-26-a-15.05.42-1-1536x998.png 1536w, https:\/\/roscosmic.com\/wp-content\/uploads\/2025\/08\/Capture-decran-2025-02-26-a-15.05.42-1-2048x1330.png 2048w\" sizes=\"(max-width: 1024px) 100vw, 1024px\" \/>\t\t\t\t\t\t\t\t\t\t\t\t\t\t\t<\/div>\n\t\t\t\t<\/div>\n\t\t\t\t\t<\/div>\n\t\t\t\t<\/div>\n\t\t\t\t<\/div>\n\t\t\n    <div class=\"xs_social_share_widget xs_share_url after_content \t\tmain_content  wslu-style-1 wslu-share-box-shaped wslu-fill-colored wslu-none wslu-share-horizontal wslu-theme-font-no wslu-main_content\">\n\n\t\t\n        <ul>\n\t\t\t        <\/ul>\n    <\/div> \n","protected":false},"excerpt":{"rendered":"<p>\u00a0 ROSCOSMIC TV Le m\u00e9dia t\u00e9l\u00e9visuel de l\u2019agence spatiale Roscosmic [2024 &#8211; en cours] 24h de vid\u00e9o \u00a0 Cette boucle vid\u00e9o est pr\u00e9sent\u00e9e dans l&rsquo;installation Mission Control Room et est compos\u00e9e des vid\u00e9os Barbarella, Lunchtime Dialogue, M\u00e9t\u00e9o Lunaire, M\u00e9t\u00e9o Orbitale.<\/p>\n","protected":false},"author":1,"featured_media":0,"parent":0,"menu_order":0,"comment_status":"closed","ping_status":"closed","template":"elementor_header_footer","meta":{"postBodyCss":"","postBodyMargin":[],"postBodyPadding":[],"postBodyBackground":{"backgroundType":"classic","gradient":""},"ngg_post_thumbnail":0,"footnotes":""},"class_list":["post-157","page","type-page","status-publish","hentry"],"_links":{"self":[{"href":"https:\/\/roscosmic.com\/index.php\/wp-json\/wp\/v2\/pages\/157","targetHints":{"allow":["GET"]}}],"collection":[{"href":"https:\/\/roscosmic.com\/index.php\/wp-json\/wp\/v2\/pages"}],"about":[{"href":"https:\/\/roscosmic.com\/index.php\/wp-json\/wp\/v2\/types\/page"}],"author":[{"embeddable":true,"href":"https:\/\/roscosmic.com\/index.php\/wp-json\/wp\/v2\/users\/1"}],"replies":[{"embeddable":true,"href":"https:\/\/roscosmic.com\/index.php\/wp-json\/wp\/v2\/comments?post=157"}],"version-history":[{"count":10,"href":"https:\/\/roscosmic.com\/index.php\/wp-json\/wp\/v2\/pages\/157\/revisions"}],"predecessor-version":[{"id":1913,"href":"https:\/\/roscosmic.com\/index.php\/wp-json\/wp\/v2\/pages\/157\/revisions\/1913"}],"wp:attachment":[{"href":"https:\/\/roscosmic.com\/index.php\/wp-json\/wp\/v2\/media?parent=157"}],"curies":[{"name":"wp","href":"https:\/\/api.w.org\/{rel}","templated":true}]}}